{"id":1062,"date":"2026-01-15T23:56:02","date_gmt":"2026-01-15T23:56:02","guid":{"rendered":"https:\/\/leanepdv.com\/?page_id=1062"},"modified":"2026-01-16T01:26:34","modified_gmt":"2026-01-16T01:26:34","slug":"marche-climat","status":"publish","type":"page","link":"https:\/\/leanepdv.com\/?page_id=1062","title":{"rendered":"Marche climat"},"content":{"rendered":"\t\t<div data-elementor-type=\"wp-page\" data-elementor-id=\"1062\" class=\"elementor elementor-1062\" data-elementor-post-type=\"page\">\n\t\t\t\t<div class=\"elementor-element elementor-element-f583ce9 e-flex e-con-boxed e-con e-parent\" data-id=\"f583ce9\" data-element_type=\"container\">\n\t\t\t\t\t<div class=\"e-con-inner\">\n\t\t\t\t<div class=\"elementor-element elementor-element-f5ef56b elementor-widget elementor-widget-image\" data-id=\"f5ef56b\" data-element_type=\"widget\" data-widget_type=\"image.default\">\n\t\t\t\t<div class=\"elementor-widget-container\">\n\t\t\t\t\t\t\t\t\t\t\t\t\t\t\t<img fetchpriority=\"high\" decoding=\"async\" width=\"2560\" height=\"1446\" src=\"https:\/\/leanepdv.com\/wp-content\/uploads\/2026\/01\/climat-accueill-scaled.jpg\" class=\"attachment-full size-full wp-image-1081\" alt=\"\" srcset=\"https:\/\/leanepdv.com\/wp-content\/uploads\/2026\/01\/climat-accueill-scaled.jpg 2560w, https:\/\/leanepdv.com\/wp-content\/uploads\/2026\/01\/climat-accueill-300x169.jpg 300w, https:\/\/leanepdv.com\/wp-content\/uploads\/2026\/01\/climat-accueill-1024x578.jpg 1024w, https:\/\/leanepdv.com\/wp-content\/uploads\/2026\/01\/climat-accueill-768x434.jpg 768w, https:\/\/leanepdv.com\/wp-content\/uploads\/2026\/01\/climat-accueill-1536x868.jpg 1536w, https:\/\/leanepdv.com\/wp-content\/uploads\/2026\/01\/climat-accueill-2048x1157.jpg 2048w\" sizes=\"(max-width: 2560px) 100vw, 2560px\" \/>\t\t\t\t\t\t\t\t\t\t\t\t\t\t\t<\/div>\n\t\t\t\t<\/div>\n\t\t\t\t\t<\/div>\n\t\t\t\t<\/div>\n\t\t<div class=\"elementor-element elementor-element-a44e41c e-flex e-con-boxed e-con e-parent\" data-id=\"a44e41c\" data-element_type=\"container\">\n\t\t\t\t\t<div class=\"e-con-inner\">\n\t\t<div class=\"elementor-element elementor-element-59e1472 e-con-full e-flex e-con e-child\" data-id=\"59e1472\" data-element_type=\"container\">\n\t\t\t\t<div class=\"elementor-element elementor-element-77c9061 elementor-widget elementor-widget-heading\" data-id=\"77c9061\" data-element_type=\"widget\" data-widget_type=\"heading.default\">\n\t\t\t\t<div class=\"elementor-widget-container\">\n\t\t\t\t\t<h2 class=\"elementor-heading-title elementor-size-default\">Marche pour le climat<\/h2>\t\t\t\t<\/div>\n\t\t\t\t<\/div>\n\t\t\t\t<div class=\"elementor-element elementor-element-7484eea elementor-widget elementor-widget-text-editor\" data-id=\"7484eea\" data-element_type=\"widget\" data-widget_type=\"text-editor.default\">\n\t\t\t\t<div class=\"elementor-widget-container\">\n\t\t\t\t\t\t\t\t\t<p>Cr\u00e9ation d\u2019une campagne print pour la Marche pour le Climat 2026, construite autour de l\u2019assomption et du d\u00e9tournement des clich\u00e9s qui \u00e9loignent<br \/>les jeunes de la mobilisation. En s\u2019appuyant sur le \u00ab pratfall effect \u00bb, la campagne joue volontairement avec ces st\u00e9r\u00e9otypes afin de d\u00e9passer le clich\u00e9<br \/>et d\u2019en r\u00e9v\u00e9ler les aspects positifs. Port\u00e9e par un ton fun et jeune, une direction artistique aux couleurs peps et un esprit festif, elle est \u00e9galement d\u00e9clinable sur les r\u00e9seaux sociaux. <strong>Elle a \u00e9t\u00e9 s\u00e9lectionn\u00e9e en premi\u00e8re position par la Coalition Climat.<\/strong> R\u00e9alis\u00e9e avec Giuliano Fiorino.<\/p>\t\t\t\t\t\t\t\t<\/div>\n\t\t\t\t<\/div>\n\t\t\t\t<\/div>\n\t\t\t\t\t<\/div>\n\t\t\t\t<\/div>\n\t\t<div class=\"elementor-element elementor-element-afafdd2 e-flex e-con-boxed e-con e-parent\" data-id=\"afafdd2\" data-element_type=\"container\">\n\t\t\t\t\t<div class=\"e-con-inner\">\n\t\t\t\t<div class=\"elementor-element elementor-element-2a74d5e elementor-widget elementor-widget-video\" data-id=\"2a74d5e\" data-element_type=\"widget\" data-settings=\"{&quot;video_type&quot;:&quot;hosted&quot;,&quot;controls&quot;:&quot;yes&quot;}\" data-widget_type=\"video.default\">\n\t\t\t\t<div class=\"elementor-widget-container\">\n\t\t\t\t\t\t\t<div class=\"e-hosted-video elementor-wrapper elementor-open-inline\">\n\t\t\t\t\t<video class=\"elementor-video\" src=\"https:\/\/leanepdv.com\/wp-content\/uploads\/2026\/01\/climat-anim.mp4\" controls=\"\" preload=\"metadata\" controlsList=\"nodownload\"><\/video>\n\t\t\t\t<\/div>\n\t\t\t\t\t\t<\/div>\n\t\t\t\t<\/div>\n\t\t\t\t\t<\/div>\n\t\t\t\t<\/div>\n\t\t<div class=\"elementor-element elementor-element-9be14db e-flex e-con-boxed e-con e-parent\" data-id=\"9be14db\" data-element_type=\"container\">\n\t\t\t\t\t<div class=\"e-con-inner\">\n\t\t<div class=\"elementor-element elementor-element-d59acbf e-con-full e-flex e-con e-child\" data-id=\"d59acbf\" data-element_type=\"container\">\n\t\t\t\t<div class=\"elementor-element elementor-element-2fdb1ff elementor-widget elementor-widget-image\" data-id=\"2fdb1ff\" data-element_type=\"widget\" data-widget_type=\"image.default\">\n\t\t\t\t<div class=\"elementor-widget-container\">\n\t\t\t\t\t\t\t\t\t\t\t\t\t\t\t<img decoding=\"async\" width=\"1810\" height=\"2560\" src=\"https:\/\/leanepdv.com\/wp-content\/uploads\/2026\/01\/affiche-1-scaled.jpg\" class=\"attachment-full size-full wp-image-1093\" alt=\"\" srcset=\"https:\/\/leanepdv.com\/wp-content\/uploads\/2026\/01\/affiche-1-scaled.jpg 1810w, https:\/\/leanepdv.com\/wp-content\/uploads\/2026\/01\/affiche-1-212x300.jpg 212w, https:\/\/leanepdv.com\/wp-content\/uploads\/2026\/01\/affiche-1-724x1024.jpg 724w, https:\/\/leanepdv.com\/wp-content\/uploads\/2026\/01\/affiche-1-768x1086.jpg 768w, https:\/\/leanepdv.com\/wp-content\/uploads\/2026\/01\/affiche-1-1086x1536.jpg 1086w, https:\/\/leanepdv.com\/wp-content\/uploads\/2026\/01\/affiche-1-1448x2048.jpg 1448w\" sizes=\"(max-width: 1810px) 100vw, 1810px\" \/>\t\t\t\t\t\t\t\t\t\t\t\t\t\t\t<\/div>\n\t\t\t\t<\/div>\n\t\t\t\t<\/div>\n\t\t<div class=\"elementor-element elementor-element-5d62f45 e-con-full e-flex e-con e-child\" data-id=\"5d62f45\" data-element_type=\"container\">\n\t\t\t\t<div class=\"elementor-element elementor-element-2d3faf9 elementor-widget elementor-widget-image\" data-id=\"2d3faf9\" data-element_type=\"widget\" data-widget_type=\"image.default\">\n\t\t\t\t<div class=\"elementor-widget-container\">\n\t\t\t\t\t\t\t\t\t\t\t\t\t\t\t<img decoding=\"async\" width=\"1810\" height=\"2560\" src=\"https:\/\/leanepdv.com\/wp-content\/uploads\/2026\/01\/affiche-1-mockup-scaled.jpg\" class=\"attachment-full size-full wp-image-1094\" alt=\"\" srcset=\"https:\/\/leanepdv.com\/wp-content\/uploads\/2026\/01\/affiche-1-mockup-scaled.jpg 1810w, https:\/\/leanepdv.com\/wp-content\/uploads\/2026\/01\/affiche-1-mockup-212x300.jpg 212w, https:\/\/leanepdv.com\/wp-content\/uploads\/2026\/01\/affiche-1-mockup-724x1024.jpg 724w, https:\/\/leanepdv.com\/wp-content\/uploads\/2026\/01\/affiche-1-mockup-768x1086.jpg 768w, https:\/\/leanepdv.com\/wp-content\/uploads\/2026\/01\/affiche-1-mockup-1086x1536.jpg 1086w, https:\/\/leanepdv.com\/wp-content\/uploads\/2026\/01\/affiche-1-mockup-1448x2048.jpg 1448w\" sizes=\"(max-width: 1810px) 100vw, 1810px\" \/>\t\t\t\t\t\t\t\t\t\t\t\t\t\t\t<\/div>\n\t\t\t\t<\/div>\n\t\t\t\t<\/div>\n\t\t<div class=\"elementor-element elementor-element-7342317 e-con-full e-flex e-con e-child\" data-id=\"7342317\" data-element_type=\"container\">\n\t\t\t\t<div class=\"elementor-element elementor-element-7bc4918 elementor-widget elementor-widget-image\" data-id=\"7bc4918\" data-element_type=\"widget\" data-widget_type=\"image.default\">\n\t\t\t\t<div class=\"elementor-widget-container\">\n\t\t\t\t\t\t\t\t\t\t\t\t\t\t\t<img decoding=\"async\" src=\"https:\/\/leanepdv.com\/wp-content\/uploads\/2025\/10\/M-5-scaled.jpg\" title=\"\" alt=\"\" loading=\"lazy\" \/>\t\t\t\t\t\t\t\t\t\t\t\t\t\t\t<\/div>\n\t\t\t\t<\/div>\n\t\t\t\t<\/div>\n\t\t\t\t\t<\/div>\n\t\t\t\t<\/div>\n\t\t<div class=\"elementor-element elementor-element-46eb8f7 e-flex e-con-boxed e-con e-parent\" data-id=\"46eb8f7\" data-element_type=\"container\">\n\t\t\t\t\t<div class=\"e-con-inner\">\n\t\t<div class=\"elementor-element elementor-element-c82f14b e-con-full e-flex e-con e-child\" data-id=\"c82f14b\" data-element_type=\"container\">\n\t\t\t\t<div class=\"elementor-element elementor-element-3e71b01 elementor-widget elementor-widget-image\" data-id=\"3e71b01\" data-element_type=\"widget\" data-widget_type=\"image.default\">\n\t\t\t\t<div class=\"elementor-widget-container\">\n\t\t\t\t\t\t\t\t\t\t\t\t\t\t\t<img loading=\"lazy\" decoding=\"async\" width=\"1810\" height=\"2560\" src=\"https:\/\/leanepdv.com\/wp-content\/uploads\/2026\/01\/affiche-2-scaled.jpg\" class=\"attachment-full size-full wp-image-1100\" alt=\"\" srcset=\"https:\/\/leanepdv.com\/wp-content\/uploads\/2026\/01\/affiche-2-scaled.jpg 1810w, https:\/\/leanepdv.com\/wp-content\/uploads\/2026\/01\/affiche-2-212x300.jpg 212w, https:\/\/leanepdv.com\/wp-content\/uploads\/2026\/01\/affiche-2-724x1024.jpg 724w, https:\/\/leanepdv.com\/wp-content\/uploads\/2026\/01\/affiche-2-768x1086.jpg 768w, https:\/\/leanepdv.com\/wp-content\/uploads\/2026\/01\/affiche-2-1086x1536.jpg 1086w, https:\/\/leanepdv.com\/wp-content\/uploads\/2026\/01\/affiche-2-1448x2048.jpg 1448w\" sizes=\"(max-width: 1810px) 100vw, 1810px\" \/>\t\t\t\t\t\t\t\t\t\t\t\t\t\t\t<\/div>\n\t\t\t\t<\/div>\n\t\t\t\t<\/div>\n\t\t<div class=\"elementor-element elementor-element-959520d e-con-full e-flex e-con e-child\" data-id=\"959520d\" data-element_type=\"container\">\n\t\t\t\t<div class=\"elementor-element elementor-element-aceb84d elementor-widget elementor-widget-image\" data-id=\"aceb84d\" data-element_type=\"widget\" data-widget_type=\"image.default\">\n\t\t\t\t<div class=\"elementor-widget-container\">\n\t\t\t\t\t\t\t\t\t\t\t\t\t\t\t<img loading=\"lazy\" decoding=\"async\" width=\"1810\" height=\"2560\" src=\"https:\/\/leanepdv.com\/wp-content\/uploads\/2026\/01\/affiche-2-mockup-scaled.jpg\" class=\"attachment-full size-full wp-image-1099\" alt=\"\" srcset=\"https:\/\/leanepdv.com\/wp-content\/uploads\/2026\/01\/affiche-2-mockup-scaled.jpg 1810w, https:\/\/leanepdv.com\/wp-content\/uploads\/2026\/01\/affiche-2-mockup-212x300.jpg 212w, https:\/\/leanepdv.com\/wp-content\/uploads\/2026\/01\/affiche-2-mockup-724x1024.jpg 724w, https:\/\/leanepdv.com\/wp-content\/uploads\/2026\/01\/affiche-2-mockup-768x1086.jpg 768w, https:\/\/leanepdv.com\/wp-content\/uploads\/2026\/01\/affiche-2-mockup-1086x1536.jpg 1086w, https:\/\/leanepdv.com\/wp-content\/uploads\/2026\/01\/affiche-2-mockup-1448x2048.jpg 1448w\" sizes=\"(max-width: 1810px) 100vw, 1810px\" \/>\t\t\t\t\t\t\t\t\t\t\t\t\t\t\t<\/div>\n\t\t\t\t<\/div>\n\t\t\t\t<\/div>\n\t\t\t\t\t<\/div>\n\t\t\t\t<\/div>\n\t\t<div class=\"elementor-element elementor-element-b65a02a e-flex e-con-boxed e-con e-parent\" data-id=\"b65a02a\" data-element_type=\"container\">\n\t\t\t\t\t<div class=\"e-con-inner\">\n\t\t\t\t<div class=\"elementor-element elementor-element-94ed6ba elementor-widget elementor-widget-image\" data-id=\"94ed6ba\" data-element_type=\"widget\" data-widget_type=\"image.default\">\n\t\t\t\t<div class=\"elementor-widget-container\">\n\t\t\t\t\t\t\t\t\t\t\t\t\t\t\t<img loading=\"lazy\" decoding=\"async\" width=\"2560\" height=\"2506\" src=\"https:\/\/leanepdv.com\/wp-content\/uploads\/2026\/01\/affiche-3-scaled.jpg\" class=\"attachment-full size-full wp-image-1105\" alt=\"\" srcset=\"https:\/\/leanepdv.com\/wp-content\/uploads\/2026\/01\/affiche-3-scaled.jpg 2560w, https:\/\/leanepdv.com\/wp-content\/uploads\/2026\/01\/affiche-3-300x294.jpg 300w, https:\/\/leanepdv.com\/wp-content\/uploads\/2026\/01\/affiche-3-1024x1002.jpg 1024w, https:\/\/leanepdv.com\/wp-content\/uploads\/2026\/01\/affiche-3-768x752.jpg 768w, https:\/\/leanepdv.com\/wp-content\/uploads\/2026\/01\/affiche-3-1536x1504.jpg 1536w, https:\/\/leanepdv.com\/wp-content\/uploads\/2026\/01\/affiche-3-2048x2005.jpg 2048w\" sizes=\"(max-width: 2560px) 100vw, 2560px\" \/>\t\t\t\t\t\t\t\t\t\t\t\t\t\t\t<\/div>\n\t\t\t\t<\/div>\n\t\t\t\t\t<\/div>\n\t\t\t\t<\/div>\n\t\t<div class=\"elementor-element elementor-element-bcab145 e-flex e-con-boxed e-con e-parent\" data-id=\"bcab145\" data-element_type=\"container\">\n\t\t\t\t\t<div class=\"e-con-inner\">\n\t\t\t\t<div class=\"elementor-element elementor-element-b50c487 elementor-widget elementor-widget-image\" data-id=\"b50c487\" data-element_type=\"widget\" data-widget_type=\"image.default\">\n\t\t\t\t<div class=\"elementor-widget-container\">\n\t\t\t\t\t\t\t\t\t\t\t\t\t\t\t<img loading=\"lazy\" decoding=\"async\" width=\"2560\" height=\"2036\" src=\"https:\/\/leanepdv.com\/wp-content\/uploads\/2026\/01\/affiche-4-scaled.jpg\" class=\"attachment-full size-full wp-image-1110\" alt=\"\" srcset=\"https:\/\/leanepdv.com\/wp-content\/uploads\/2026\/01\/affiche-4-scaled.jpg 2560w, https:\/\/leanepdv.com\/wp-content\/uploads\/2026\/01\/affiche-4-300x239.jpg 300w, https:\/\/leanepdv.com\/wp-content\/uploads\/2026\/01\/affiche-4-1024x814.jpg 1024w, https:\/\/leanepdv.com\/wp-content\/uploads\/2026\/01\/affiche-4-768x611.jpg 768w, https:\/\/leanepdv.com\/wp-content\/uploads\/2026\/01\/affiche-4-1536x1221.jpg 1536w, https:\/\/leanepdv.com\/wp-content\/uploads\/2026\/01\/affiche-4-2048x1628.jpg 2048w\" sizes=\"(max-width: 2560px) 100vw, 2560px\" \/>\t\t\t\t\t\t\t\t\t\t\t\t\t\t\t<\/div>\n\t\t\t\t<\/div>\n\t\t\t\t\t<\/div>\n\t\t\t\t<\/div>\n\t\t<div class=\"elementor-element elementor-element-beda7d5 e-flex e-con-boxed e-con e-parent\" data-id=\"beda7d5\" data-element_type=\"container\">\n\t\t\t\t\t<div class=\"e-con-inner\">\n\t\t\t\t<div class=\"elementor-element elementor-element-a88f2c9 elementor-widget elementor-widget-image\" data-id=\"a88f2c9\" data-element_type=\"widget\" data-widget_type=\"image.default\">\n\t\t\t\t<div class=\"elementor-widget-container\">\n\t\t\t\t\t\t\t\t\t\t\t\t\t\t\t<img loading=\"lazy\" decoding=\"async\" width=\"2560\" height=\"1844\" src=\"https:\/\/leanepdv.com\/wp-content\/uploads\/2026\/01\/affiche-7-scaled.jpg\" class=\"attachment-full size-full wp-image-1115\" alt=\"\" srcset=\"https:\/\/leanepdv.com\/wp-content\/uploads\/2026\/01\/affiche-7-scaled.jpg 2560w, https:\/\/leanepdv.com\/wp-content\/uploads\/2026\/01\/affiche-7-300x216.jpg 300w, https:\/\/leanepdv.com\/wp-content\/uploads\/2026\/01\/affiche-7-1024x738.jpg 1024w, https:\/\/leanepdv.com\/wp-content\/uploads\/2026\/01\/affiche-7-768x553.jpg 768w, https:\/\/leanepdv.com\/wp-content\/uploads\/2026\/01\/affiche-7-1536x1106.jpg 1536w, https:\/\/leanepdv.com\/wp-content\/uploads\/2026\/01\/affiche-7-2048x1475.jpg 2048w\" sizes=\"(max-width: 2560px) 100vw, 2560px\" \/>\t\t\t\t\t\t\t\t\t\t\t\t\t\t\t<\/div>\n\t\t\t\t<\/div>\n\t\t\t\t\t<\/div>\n\t\t\t\t<\/div>\n\t\t<div class=\"elementor-element elementor-element-320fc63 e-flex e-con-boxed e-con e-parent\" data-id=\"320fc63\" data-element_type=\"container\">\n\t\t\t\t\t<div class=\"e-con-inner\">\n\t\t<div class=\"elementor-element elementor-element-8fbe34b e-con-full e-flex e-con e-child\" data-id=\"8fbe34b\" data-element_type=\"container\">\n\t\t\t\t<div class=\"elementor-element elementor-element-be17740 elementor-widget elementor-widget-image\" data-id=\"be17740\" data-element_type=\"widget\" data-widget_type=\"image.default\">\n\t\t\t\t<div class=\"elementor-widget-container\">\n\t\t\t\t\t\t\t\t\t\t\t\t\t\t\t<img loading=\"lazy\" decoding=\"async\" width=\"1920\" height=\"2560\" src=\"https:\/\/leanepdv.com\/wp-content\/uploads\/2026\/01\/affiche-5-mockup-scaled.jpg\" class=\"attachment-full size-full wp-image-1112\" alt=\"\" srcset=\"https:\/\/leanepdv.com\/wp-content\/uploads\/2026\/01\/affiche-5-mockup-scaled.jpg 1920w, https:\/\/leanepdv.com\/wp-content\/uploads\/2026\/01\/affiche-5-mockup-225x300.jpg 225w, https:\/\/leanepdv.com\/wp-content\/uploads\/2026\/01\/affiche-5-mockup-768x1024.jpg 768w, https:\/\/leanepdv.com\/wp-content\/uploads\/2026\/01\/affiche-5-mockup-1152x1536.jpg 1152w, https:\/\/leanepdv.com\/wp-content\/uploads\/2026\/01\/affiche-5-mockup-1536x2048.jpg 1536w\" sizes=\"(max-width: 1920px) 100vw, 1920px\" \/>\t\t\t\t\t\t\t\t\t\t\t\t\t\t\t<\/div>\n\t\t\t\t<\/div>\n\t\t\t\t<\/div>\n\t\t<div class=\"elementor-element elementor-element-70cd5cf e-con-full e-flex e-con e-child\" data-id=\"70cd5cf\" data-element_type=\"container\">\n\t\t\t\t<div class=\"elementor-element elementor-element-b236c90 elementor-widget elementor-widget-image\" data-id=\"b236c90\" data-element_type=\"widget\" data-widget_type=\"image.default\">\n\t\t\t\t<div class=\"elementor-widget-container\">\n\t\t\t\t\t\t\t\t\t\t\t\t\t\t\t<img loading=\"lazy\" decoding=\"async\" width=\"1920\" height=\"2560\" src=\"https:\/\/leanepdv.com\/wp-content\/uploads\/2026\/01\/affiche-5-scaled.jpg\" class=\"attachment-full size-full wp-image-1113\" alt=\"\" srcset=\"https:\/\/leanepdv.com\/wp-content\/uploads\/2026\/01\/affiche-5-scaled.jpg 1920w, https:\/\/leanepdv.com\/wp-content\/uploads\/2026\/01\/affiche-5-225x300.jpg 225w, https:\/\/leanepdv.com\/wp-content\/uploads\/2026\/01\/affiche-5-768x1024.jpg 768w, https:\/\/leanepdv.com\/wp-content\/uploads\/2026\/01\/affiche-5-1152x1536.jpg 1152w, https:\/\/leanepdv.com\/wp-content\/uploads\/2026\/01\/affiche-5-1536x2048.jpg 1536w\" sizes=\"(max-width: 1920px) 100vw, 1920px\" \/>\t\t\t\t\t\t\t\t\t\t\t\t\t\t\t<\/div>\n\t\t\t\t<\/div>\n\t\t\t\t<\/div>\n\t\t\t\t\t<\/div>\n\t\t\t\t<\/div>\n\t\t<div class=\"elementor-element elementor-element-3dfb2b9 e-flex e-con-boxed e-con e-parent\" data-id=\"3dfb2b9\" data-element_type=\"container\">\n\t\t\t\t\t<div class=\"e-con-inner\">\n\t\t<div class=\"elementor-element elementor-element-68e63f2 e-con-full e-flex e-con e-child\" data-id=\"68e63f2\" data-element_type=\"container\">\n\t\t\t\t<div class=\"elementor-element elementor-element-013a7f5 elementor-widget elementor-widget-image\" data-id=\"013a7f5\" data-element_type=\"widget\" data-widget_type=\"image.default\">\n\t\t\t\t<div class=\"elementor-widget-container\">\n\t\t\t\t\t\t\t\t\t\t\t\t\t\t\t<img loading=\"lazy\" decoding=\"async\" width=\"1810\" height=\"2560\" src=\"https:\/\/leanepdv.com\/wp-content\/uploads\/2026\/01\/afficche-6-mockup-scaled.jpg\" class=\"attachment-full size-full wp-image-1111\" alt=\"\" srcset=\"https:\/\/leanepdv.com\/wp-content\/uploads\/2026\/01\/afficche-6-mockup-scaled.jpg 1810w, https:\/\/leanepdv.com\/wp-content\/uploads\/2026\/01\/afficche-6-mockup-212x300.jpg 212w, https:\/\/leanepdv.com\/wp-content\/uploads\/2026\/01\/afficche-6-mockup-724x1024.jpg 724w, https:\/\/leanepdv.com\/wp-content\/uploads\/2026\/01\/afficche-6-mockup-768x1086.jpg 768w, https:\/\/leanepdv.com\/wp-content\/uploads\/2026\/01\/afficche-6-mockup-1086x1536.jpg 1086w, https:\/\/leanepdv.com\/wp-content\/uploads\/2026\/01\/afficche-6-mockup-1448x2048.jpg 1448w\" sizes=\"(max-width: 1810px) 100vw, 1810px\" \/>\t\t\t\t\t\t\t\t\t\t\t\t\t\t\t<\/div>\n\t\t\t\t<\/div>\n\t\t\t\t<\/div>\n\t\t<div class=\"elementor-element elementor-element-04198f7 e-con-full e-flex e-con e-child\" data-id=\"04198f7\" data-element_type=\"container\">\n\t\t\t\t<div class=\"elementor-element elementor-element-aec7ab3 elementor-widget elementor-widget-image\" data-id=\"aec7ab3\" data-element_type=\"widget\" data-widget_type=\"image.default\">\n\t\t\t\t<div class=\"elementor-widget-container\">\n\t\t\t\t\t\t\t\t\t\t\t\t\t\t\t<img loading=\"lazy\" decoding=\"async\" width=\"1810\" height=\"2560\" src=\"https:\/\/leanepdv.com\/wp-content\/uploads\/2026\/01\/affiche-6-scaled.jpg\" class=\"attachment-full size-full wp-image-1114\" alt=\"\" srcset=\"https:\/\/leanepdv.com\/wp-content\/uploads\/2026\/01\/affiche-6-scaled.jpg 1810w, https:\/\/leanepdv.com\/wp-content\/uploads\/2026\/01\/affiche-6-212x300.jpg 212w, https:\/\/leanepdv.com\/wp-content\/uploads\/2026\/01\/affiche-6-724x1024.jpg 724w, https:\/\/leanepdv.com\/wp-content\/uploads\/2026\/01\/affiche-6-768x1086.jpg 768w, https:\/\/leanepdv.com\/wp-content\/uploads\/2026\/01\/affiche-6-1086x1536.jpg 1086w, https:\/\/leanepdv.com\/wp-content\/uploads\/2026\/01\/affiche-6-1448x2048.jpg 1448w\" sizes=\"(max-width: 1810px) 100vw, 1810px\" \/>\t\t\t\t\t\t\t\t\t\t\t\t\t\t\t<\/div>\n\t\t\t\t<\/div>\n\t\t\t\t<\/div>\n\t\t\t\t\t<\/div>\n\t\t\t\t<\/div>\n\t\t<div class=\"elementor-element elementor-element-6bbdd3c e-flex e-con-boxed e-con e-parent\" data-id=\"6bbdd3c\" data-element_type=\"container\">\n\t\t\t\t\t<div class=\"e-con-inner\">\n\t\t\t\t<div class=\"elementor-element elementor-element-0ce6873 elementor-widget elementor-widget-image\" data-id=\"0ce6873\" data-element_type=\"widget\" data-widget_type=\"image.default\">\n\t\t\t\t<div class=\"elementor-widget-container\">\n\t\t\t\t\t\t\t\t\t\t\t\t\t\t\t<img loading=\"lazy\" decoding=\"async\" width=\"2560\" height=\"1844\" src=\"https:\/\/leanepdv.com\/wp-content\/uploads\/2026\/01\/affiche-8-scaled.jpg\" class=\"attachment-full size-full wp-image-1116\" alt=\"\" srcset=\"https:\/\/leanepdv.com\/wp-content\/uploads\/2026\/01\/affiche-8-scaled.jpg 2560w, https:\/\/leanepdv.com\/wp-content\/uploads\/2026\/01\/affiche-8-300x216.jpg 300w, https:\/\/leanepdv.com\/wp-content\/uploads\/2026\/01\/affiche-8-1024x738.jpg 1024w, https:\/\/leanepdv.com\/wp-content\/uploads\/2026\/01\/affiche-8-768x553.jpg 768w, https:\/\/leanepdv.com\/wp-content\/uploads\/2026\/01\/affiche-8-1536x1106.jpg 1536w, https:\/\/leanepdv.com\/wp-content\/uploads\/2026\/01\/affiche-8-2048x1475.jpg 2048w\" sizes=\"(max-width: 2560px) 100vw, 2560px\" \/>\t\t\t\t\t\t\t\t\t\t\t\t\t\t\t<\/div>\n\t\t\t\t<\/div>\n\t\t\t\t\t<\/div>\n\t\t\t\t<\/div>\n\t\t\t\t<\/div>\n\t\t","protected":false},"excerpt":{"rendered":"<p>Marche pour le climat Cr\u00e9ation d\u2019une campagne print pour la Marche pour le Climat 2026, construite autour de l\u2019assomption et [&hellip;]<\/p>\n","protected":false},"author":1,"featured_media":0,"parent":0,"menu_order":0,"comment_status":"closed","ping_status":"closed","template":"","meta":{"site-sidebar-layout":"no-sidebar","site-content-layout":"","ast-site-content-layout":"full-width-container","site-content-style":"default","site-sidebar-style":"default","ast-global-header-display":"","ast-banner-title-visibility":"","ast-main-header-display":"","ast-hfb-above-header-display":"","ast-hfb-below-header-display":"","ast-hfb-mobile-header-display":"","site-post-title":"disabled","ast-breadcrumbs-content":"","ast-featured-img":"disabled","footer-sml-layout":"","theme-transparent-header-meta":"","adv-header-id-meta":"","stick-header-meta":"","header-above-stick-meta":"","header-main-stick-meta":"","header-below-stick-meta":"","astra-migrate-meta-layouts":"default","ast-page-background-enabled":"default","ast-page-background-meta":{"desktop":{"background-color":"var(--ast-global-color-5)","background-image":"","background-repeat":"repeat","background-position":"center center","background-size":"auto","background-attachment":"scroll","background-type":"","background-media":"","overlay-type":"","overlay-color":"","overlay-opacity":"","overlay-gradient":""},"tablet":{"background-color":"","background-image":"","background-repeat":"repeat","background-position":"center center","background-size":"auto","background-attachment":"scroll","background-type":"","background-media":"","overlay-type":"","overlay-color":"","overlay-opacity":"","overlay-gradient":""},"mobile":{"background-color":"","background-image":"","background-repeat":"repeat","background-position":"center center","background-size":"auto","background-attachment":"scroll","background-type":"","background-media":"","overlay-type":"","overlay-color":"","overlay-opacity":"","overlay-gradient":""}},"ast-content-background-meta":{"desktop":{"background-color":"var(--ast-global-color-4)","background-image":"","background-repeat":"repeat","background-position":"center center","background-size":"auto","background-attachment":"scroll","background-type":"","background-media":"","overlay-type":"","overlay-color":"","overlay-opacity":"","overlay-gradient":""},"tablet":{"background-color":"var(--ast-global-color-4)","background-image":"","background-repeat":"repeat","background-position":"center center","background-size":"auto","background-attachment":"scroll","background-type":"","background-media":"","overlay-type":"","overlay-color":"","overlay-opacity":"","overlay-gradient":""},"mobile":{"background-color":"var(--ast-global-color-4)","background-image":"","background-repeat":"repeat","background-position":"center center","background-size":"auto","background-attachment":"scroll","background-type":"","background-media":"","overlay-type":"","overlay-color":"","overlay-opacity":"","overlay-gradient":""}},"footnotes":""},"class_list":["post-1062","page","type-page","status-publish","hentry"],"_links":{"self":[{"href":"https:\/\/leanepdv.com\/index.php?rest_route=\/wp\/v2\/pages\/1062","targetHints":{"allow":["GET"]}}],"collection":[{"href":"https:\/\/leanepdv.com\/index.php?rest_route=\/wp\/v2\/pages"}],"about":[{"href":"https:\/\/leanepdv.com\/index.php?rest_route=\/wp\/v2\/types\/page"}],"author":[{"embeddable":true,"href":"https:\/\/leanepdv.com\/index.php?rest_route=\/wp\/v2\/users\/1"}],"replies":[{"embeddable":true,"href":"https:\/\/leanepdv.com\/index.php?rest_route=%2Fwp%2Fv2%2Fcomments&post=1062"}],"version-history":[{"count":28,"href":"https:\/\/leanepdv.com\/index.php?rest_route=\/wp\/v2\/pages\/1062\/revisions"}],"predecessor-version":[{"id":1122,"href":"https:\/\/leanepdv.com\/index.php?rest_route=\/wp\/v2\/pages\/1062\/revisions\/1122"}],"wp:attachment":[{"href":"https:\/\/leanepdv.com\/index.php?rest_route=%2Fwp%2Fv2%2Fmedia&parent=1062"}],"curies":[{"name":"wp","href":"https:\/\/api.w.org\/{rel}","templated":true}]}}