{"id":1123,"date":"2026-01-16T01:27:54","date_gmt":"2026-01-16T01:27:54","guid":{"rendered":"https:\/\/leanepdv.com\/?page_id=1123"},"modified":"2026-01-16T01:57:23","modified_gmt":"2026-01-16T01:57:23","slug":"too-good-to-go","status":"publish","type":"page","link":"https:\/\/leanepdv.com\/?page_id=1123","title":{"rendered":"Too Good To Go"},"content":{"rendered":"\t\t<div data-elementor-type=\"wp-page\" data-elementor-id=\"1123\" class=\"elementor elementor-1123\" data-elementor-post-type=\"page\">\n\t\t\t\t<div class=\"elementor-element elementor-element-49037a9 e-flex e-con-boxed e-con e-parent\" data-id=\"49037a9\" data-element_type=\"container\">\n\t\t\t\t\t<div class=\"e-con-inner\">\n\t\t\t\t<div class=\"elementor-element elementor-element-4babac4 elementor-widget elementor-widget-image\" data-id=\"4babac4\" data-element_type=\"widget\" data-widget_type=\"image.default\">\n\t\t\t\t<div class=\"elementor-widget-container\">\n\t\t\t\t\t\t\t\t\t\t\t\t\t\t\t<img decoding=\"async\" src=\"https:\/\/leanepdv.com\/wp-content\/uploads\/2026\/01\/accueil-TGTG-scaled.jpg\" title=\"\" alt=\"\" loading=\"lazy\" \/>\t\t\t\t\t\t\t\t\t\t\t\t\t\t\t<\/div>\n\t\t\t\t<\/div>\n\t\t\t\t\t<\/div>\n\t\t\t\t<\/div>\n\t\t<div class=\"elementor-element elementor-element-3b438ce e-flex e-con-boxed e-con e-parent\" data-id=\"3b438ce\" data-element_type=\"container\">\n\t\t\t\t\t<div class=\"e-con-inner\">\n\t\t<div class=\"elementor-element elementor-element-a78bb16 e-con-full e-flex e-con e-child\" data-id=\"a78bb16\" data-element_type=\"container\">\n\t\t\t\t<div class=\"elementor-element elementor-element-f29b56f elementor-widget elementor-widget-heading\" data-id=\"f29b56f\" data-element_type=\"widget\" data-widget_type=\"heading.default\">\n\t\t\t\t<div class=\"elementor-widget-container\">\n\t\t\t\t\t<h2 class=\"elementor-heading-title elementor-size-default\">Too Good To Go<\/h2>\t\t\t\t<\/div>\n\t\t\t\t<\/div>\n\t\t\t\t<div class=\"elementor-element elementor-element-a78ebd1 elementor-widget elementor-widget-text-editor\" data-id=\"a78ebd1\" data-element_type=\"widget\" data-widget_type=\"text-editor.default\">\n\t\t\t\t<div class=\"elementor-widget-container\">\n\t\t\t\t\t\t\t\t\t<p>Cr\u00e9ation d\u2019une campagne digitale et print pour Too Good To Go, visant \u00e0 augmenter le nombre d\u2019inscriptions sur la plateforme et les ventes, en s\u2019adressant principalement \u00e0 un public \u00e9tudiant. Le concept s\u2019articule autour de la surprise des paniers, dont le contenu reste inconnu, et transforme cette exp\u00e9rience en v\u00e9ritables \u201ctr\u00e9sors\u201d gr\u00e2ce \u00e0 des sacs dor\u00e9s sp\u00e9cialement con\u00e7us pour la campagne. La strat\u00e9gie m\u00eale affichage urbain cibl\u00e9, contenus Instagram<br \/>et TikTok avec unboxing, et un ton jeune et complice, afin de cr\u00e9er de l\u2019engagement et renforcer la notori\u00e9t\u00e9 de la marque.<\/p>\t\t\t\t\t\t\t\t<\/div>\n\t\t\t\t<\/div>\n\t\t\t\t<\/div>\n\t\t\t\t\t<\/div>\n\t\t\t\t<\/div>\n\t\t<div class=\"elementor-element elementor-element-f1beaf3 e-flex e-con-boxed e-con e-parent\" data-id=\"f1beaf3\" data-element_type=\"container\">\n\t\t\t\t\t<div class=\"e-con-inner\">\n\t\t<div class=\"elementor-element elementor-element-1399ef2 e-con-full e-flex e-con e-child\" data-id=\"1399ef2\" data-element_type=\"container\">\n\t\t\t\t<div class=\"elementor-element elementor-element-dd22746 elementor-widget elementor-widget-image\" data-id=\"dd22746\" data-element_type=\"widget\" data-widget_type=\"image.default\">\n\t\t\t\t<div class=\"elementor-widget-container\">\n\t\t\t\t\t\t\t\t\t\t\t\t\t\t\t<img fetchpriority=\"high\" decoding=\"async\" width=\"2217\" height=\"2560\" src=\"https:\/\/leanepdv.com\/wp-content\/uploads\/2026\/01\/TGTG-scaled.jpg\" class=\"attachment-full size-full wp-image-1148\" alt=\"\" srcset=\"https:\/\/leanepdv.com\/wp-content\/uploads\/2026\/01\/TGTG-scaled.jpg 2217w, https:\/\/leanepdv.com\/wp-content\/uploads\/2026\/01\/TGTG-260x300.jpg 260w, https:\/\/leanepdv.com\/wp-content\/uploads\/2026\/01\/TGTG-887x1024.jpg 887w, https:\/\/leanepdv.com\/wp-content\/uploads\/2026\/01\/TGTG-768x887.jpg 768w, https:\/\/leanepdv.com\/wp-content\/uploads\/2026\/01\/TGTG-1330x1536.jpg 1330w, https:\/\/leanepdv.com\/wp-content\/uploads\/2026\/01\/TGTG-1774x2048.jpg 1774w\" sizes=\"(max-width: 2217px) 100vw, 2217px\" \/>\t\t\t\t\t\t\t\t\t\t\t\t\t\t\t<\/div>\n\t\t\t\t<\/div>\n\t\t\t\t<\/div>\n\t\t\t\t\t<\/div>\n\t\t\t\t<\/div>\n\t\t<div class=\"elementor-element elementor-element-7b773dd e-flex e-con-boxed e-con e-parent\" data-id=\"7b773dd\" data-element_type=\"container\">\n\t\t\t\t\t<div class=\"e-con-inner\">\n\t\t<div class=\"elementor-element elementor-element-2857906 e-con-full e-flex e-con e-child\" data-id=\"2857906\" data-element_type=\"container\">\n\t\t\t\t<div class=\"elementor-element elementor-element-9bdb11b elementor-widget elementor-widget-image\" data-id=\"9bdb11b\" data-element_type=\"widget\" data-widget_type=\"image.default\">\n\t\t\t\t<div class=\"elementor-widget-container\">\n\t\t\t\t\t\t\t\t\t\t\t\t\t\t\t<img decoding=\"async\" width=\"2420\" height=\"2560\" src=\"https:\/\/leanepdv.com\/wp-content\/uploads\/2026\/01\/TGTG-suite-scaled.jpg\" class=\"attachment-full size-full wp-image-1149\" alt=\"\" srcset=\"https:\/\/leanepdv.com\/wp-content\/uploads\/2026\/01\/TGTG-suite-scaled.jpg 2420w, https:\/\/leanepdv.com\/wp-content\/uploads\/2026\/01\/TGTG-suite-284x300.jpg 284w, https:\/\/leanepdv.com\/wp-content\/uploads\/2026\/01\/TGTG-suite-968x1024.jpg 968w, https:\/\/leanepdv.com\/wp-content\/uploads\/2026\/01\/TGTG-suite-768x812.jpg 768w, https:\/\/leanepdv.com\/wp-content\/uploads\/2026\/01\/TGTG-suite-1452x1536.jpg 1452w, https:\/\/leanepdv.com\/wp-content\/uploads\/2026\/01\/TGTG-suite-1936x2048.jpg 1936w\" sizes=\"(max-width: 2420px) 100vw, 2420px\" \/>\t\t\t\t\t\t\t\t\t\t\t\t\t\t\t<\/div>\n\t\t\t\t<\/div>\n\t\t\t\t<\/div>\n\t\t\t\t\t<\/div>\n\t\t\t\t<\/div>\n\t\t<div class=\"elementor-element elementor-element-99038e8 e-flex e-con-boxed e-con e-parent\" data-id=\"99038e8\" data-element_type=\"container\">\n\t\t\t\t\t<div class=\"e-con-inner\">\n\t\t<div class=\"elementor-element elementor-element-51d0cb4 e-con-full e-flex e-con e-child\" data-id=\"51d0cb4\" data-element_type=\"container\">\n\t\t\t\t<div class=\"elementor-element elementor-element-f198a6c elementor-widget elementor-widget-image\" data-id=\"f198a6c\" data-element_type=\"widget\" data-widget_type=\"image.default\">\n\t\t\t\t<div class=\"elementor-widget-container\">\n\t\t\t\t\t\t\t\t\t\t\t\t\t\t\t<img decoding=\"async\" width=\"2560\" height=\"2301\" src=\"https:\/\/leanepdv.com\/wp-content\/uploads\/2026\/01\/TGTG-fin-scaled.jpg\" class=\"attachment-full size-full wp-image-1150\" alt=\"\" srcset=\"https:\/\/leanepdv.com\/wp-content\/uploads\/2026\/01\/TGTG-fin-scaled.jpg 2560w, https:\/\/leanepdv.com\/wp-content\/uploads\/2026\/01\/TGTG-fin-300x270.jpg 300w, https:\/\/leanepdv.com\/wp-content\/uploads\/2026\/01\/TGTG-fin-1024x920.jpg 1024w, https:\/\/leanepdv.com\/wp-content\/uploads\/2026\/01\/TGTG-fin-768x690.jpg 768w, https:\/\/leanepdv.com\/wp-content\/uploads\/2026\/01\/TGTG-fin-1536x1380.jpg 1536w, https:\/\/leanepdv.com\/wp-content\/uploads\/2026\/01\/TGTG-fin-2048x1840.jpg 2048w\" sizes=\"(max-width: 2560px) 100vw, 2560px\" \/>\t\t\t\t\t\t\t\t\t\t\t\t\t\t\t<\/div>\n\t\t\t\t<\/div>\n\t\t\t\t<\/div>\n\t\t\t\t\t<\/div>\n\t\t\t\t<\/div>\n\t\t\t\t<\/div>\n\t\t","protected":false},"excerpt":{"rendered":"<p>Too Good To Go Cr\u00e9ation d\u2019une campagne digitale et print pour Too Good To Go, visant \u00e0 augmenter le nombre [&hellip;]<\/p>\n","protected":false},"author":1,"featured_media":0,"parent":0,"menu_order":0,"comment_status":"closed","ping_status":"closed","template":"","meta":{"site-sidebar-layout":"no-sidebar","site-content-layout":"","ast-site-content-layout":"full-width-container","site-content-style":"default","site-sidebar-style":"default","ast-global-header-display":"","ast-banner-title-visibility":"","ast-main-header-display":"","ast-hfb-above-header-display":"","ast-hfb-below-header-display":"","ast-hfb-mobile-header-display":"","site-post-title":"disabled","ast-breadcrumbs-content":"","ast-featured-img":"disabled","footer-sml-layout":"","theme-transparent-header-meta":"","adv-header-id-meta":"","stick-header-meta":"","header-above-stick-meta":"","header-main-stick-meta":"","header-below-stick-meta":"","astra-migrate-meta-layouts":"default","ast-page-background-enabled":"default","ast-page-background-meta":{"desktop":{"background-color":"var(--ast-global-color-5)","background-image":"","background-repeat":"repeat","background-position":"center center","background-size":"auto","background-attachment":"scroll","background-type":"","background-media":"","overlay-type":"","overlay-color":"","overlay-opacity":"","overlay-gradient":""},"tablet":{"background-color":"","background-image":"","background-repeat":"repeat","background-position":"center center","background-size":"auto","background-attachment":"scroll","background-type":"","background-media":"","overlay-type":"","overlay-color":"","overlay-opacity":"","overlay-gradient":""},"mobile":{"background-color":"","background-image":"","background-repeat":"repeat","background-position":"center center","background-size":"auto","background-attachment":"scroll","background-type":"","background-media":"","overlay-type":"","overlay-color":"","overlay-opacity":"","overlay-gradient":""}},"ast-content-background-meta":{"desktop":{"background-color":"var(--ast-global-color-4)","background-image":"","background-repeat":"repeat","background-position":"center center","background-size":"auto","background-attachment":"scroll","background-type":"","background-media":"","overlay-type":"","overlay-color":"","overlay-opacity":"","overlay-gradient":""},"tablet":{"background-color":"var(--ast-global-color-4)","background-image":"","background-repeat":"repeat","background-position":"center center","background-size":"auto","background-attachment":"scroll","background-type":"","background-media":"","overlay-type":"","overlay-color":"","overlay-opacity":"","overlay-gradient":""},"mobile":{"background-color":"var(--ast-global-color-4)","background-image":"","background-repeat":"repeat","background-position":"center center","background-size":"auto","background-attachment":"scroll","background-type":"","background-media":"","overlay-type":"","overlay-color":"","overlay-opacity":"","overlay-gradient":""}},"footnotes":""},"class_list":["post-1123","page","type-page","status-publish","hentry"],"_links":{"self":[{"href":"https:\/\/leanepdv.com\/index.php?rest_route=\/wp\/v2\/pages\/1123","targetHints":{"allow":["GET"]}}],"collection":[{"href":"https:\/\/leanepdv.com\/index.php?rest_route=\/wp\/v2\/pages"}],"about":[{"href":"https:\/\/leanepdv.com\/index.php?rest_route=\/wp\/v2\/types\/page"}],"author":[{"embeddable":true,"href":"https:\/\/leanepdv.com\/index.php?rest_route=\/wp\/v2\/users\/1"}],"replies":[{"embeddable":true,"href":"https:\/\/leanepdv.com\/index.php?rest_route=%2Fwp%2Fv2%2Fcomments&post=1123"}],"version-history":[{"count":13,"href":"https:\/\/leanepdv.com\/index.php?rest_route=\/wp\/v2\/pages\/1123\/revisions"}],"predecessor-version":[{"id":1153,"href":"https:\/\/leanepdv.com\/index.php?rest_route=\/wp\/v2\/pages\/1123\/revisions\/1153"}],"wp:attachment":[{"href":"https:\/\/leanepdv.com\/index.php?rest_route=%2Fwp%2Fv2%2Fmedia&parent=1123"}],"curies":[{"name":"wp","href":"https:\/\/api.w.org\/{rel}","templated":true}]}}