{"id":117,"date":"2025-05-31T18:31:40","date_gmt":"2025-05-31T18:31:40","guid":{"rendered":"https:\/\/leanepdv.com\/?page_id=117"},"modified":"2026-01-16T00:36:41","modified_gmt":"2026-01-16T00:36:41","slug":"metamorphosas","status":"publish","type":"page","link":"https:\/\/leanepdv.com\/?page_id=117","title":{"rendered":"M\u00e9tamorphosis"},"content":{"rendered":"\t\t<div data-elementor-type=\"wp-page\" data-elementor-id=\"117\" class=\"elementor elementor-117\" data-elementor-post-type=\"page\">\n\t\t\t\t<div class=\"elementor-element elementor-element-2c2399e e-con-full e-flex e-con e-parent\" data-id=\"2c2399e\" data-element_type=\"container\" data-settings=\"{&quot;background_background&quot;:&quot;classic&quot;}\">\n\t\t\t\t<div class=\"elementor-element elementor-element-218a3eb elementor-widget elementor-widget-image\" data-id=\"218a3eb\" data-element_type=\"widget\" data-widget_type=\"image.default\">\n\t\t\t\t<div class=\"elementor-widget-container\">\n\t\t\t\t\t\t\t\t\t\t\t\t\t\t\t<img fetchpriority=\"high\" decoding=\"async\" width=\"1257\" height=\"710\" src=\"https:\/\/leanepdv.com\/wp-content\/uploads\/2026\/01\/skylineIntro.jpg\" class=\"attachment-full size-full wp-image-914\" alt=\"\" srcset=\"https:\/\/leanepdv.com\/wp-content\/uploads\/2026\/01\/skylineIntro.jpg 1257w, https:\/\/leanepdv.com\/wp-content\/uploads\/2026\/01\/skylineIntro-300x169.jpg 300w, https:\/\/leanepdv.com\/wp-content\/uploads\/2026\/01\/skylineIntro-1024x578.jpg 1024w, https:\/\/leanepdv.com\/wp-content\/uploads\/2026\/01\/skylineIntro-768x434.jpg 768w\" sizes=\"(max-width: 1257px) 100vw, 1257px\" \/>\t\t\t\t\t\t\t\t\t\t\t\t\t\t\t<\/div>\n\t\t\t\t<\/div>\n\t\t\t\t<\/div>\n\t\t<div class=\"elementor-element elementor-element-cd0e274 e-flex e-con-boxed e-con e-parent\" data-id=\"cd0e274\" data-element_type=\"container\">\n\t\t\t\t\t<div class=\"e-con-inner\">\n\t\t\t\t<div class=\"elementor-element elementor-element-897cd62 elementor-widget elementor-widget-heading\" data-id=\"897cd62\" data-element_type=\"widget\" data-widget_type=\"heading.default\">\n\t\t\t\t<div class=\"elementor-widget-container\">\n\t\t\t\t\t<h2 class=\"elementor-heading-title elementor-size-default\">Skyline Beats<\/h2>\t\t\t\t<\/div>\n\t\t\t\t<\/div>\n\t\t\t\t<div class=\"elementor-element elementor-element-e116a5e elementor-widget elementor-widget-text-editor\" data-id=\"e116a5e\" data-element_type=\"widget\" data-widget_type=\"text-editor.default\">\n\t\t\t\t<div class=\"elementor-widget-container\">\n\t\t\t\t\t\t\t\t\t<p>Cr\u00e9ation d\u2019une identit\u00e9 de marque pour Skyline Beats, une soir\u00e9e \u00e9ph\u00e9m\u00e8re se d\u00e9roulant sur un rooftop \u00e0 Barcelone pendant deux week-ends.<br \/>Le projet visait \u00e0 d\u00e9velopper une identit\u00e9 visuelle forte et modulable, d\u00e9clinable sur application mobile, supports print, affiches et billboards.<br \/>Inspir\u00e9e par l\u2019univers de la musique \u00e9lectro, cette identit\u00e9 mise sur un ton festif et immersif, combinant l\u2019orange solaire pour \u00e9voquer l\u2019\u00e9nergie<br \/>de Barcelone et le mauve vibrant pour refl\u00e9ter l\u2019ambiance nocturne et \u00e9lectro de la soir\u00e9e.<\/p>\t\t\t\t\t\t\t\t<\/div>\n\t\t\t\t<\/div>\n\t\t\t\t\t<\/div>\n\t\t\t\t<\/div>\n\t\t<div class=\"elementor-element elementor-element-3b4a1ac e-flex e-con-boxed e-con e-parent\" data-id=\"3b4a1ac\" data-element_type=\"container\">\n\t\t\t\t\t<div class=\"e-con-inner\">\n\t\t<div class=\"elementor-element elementor-element-5c46e91 e-con-full e-flex e-con e-child\" data-id=\"5c46e91\" data-element_type=\"container\">\n\t\t\t\t<div class=\"elementor-element elementor-element-775f27f elementor-widget elementor-widget-image\" data-id=\"775f27f\" data-element_type=\"widget\" data-widget_type=\"image.default\">\n\t\t\t\t<div class=\"elementor-widget-container\">\n\t\t\t\t\t\t\t\t\t\t\t\t\t\t\t<img decoding=\"async\" width=\"1719\" height=\"2560\" src=\"https:\/\/leanepdv.com\/wp-content\/uploads\/2026\/01\/Frame-1-2-scaled.jpg\" class=\"attachment-full size-full wp-image-926\" alt=\"\" srcset=\"https:\/\/leanepdv.com\/wp-content\/uploads\/2026\/01\/Frame-1-2-scaled.jpg 1719w, https:\/\/leanepdv.com\/wp-content\/uploads\/2026\/01\/Frame-1-2-201x300.jpg 201w, https:\/\/leanepdv.com\/wp-content\/uploads\/2026\/01\/Frame-1-2-688x1024.jpg 688w, https:\/\/leanepdv.com\/wp-content\/uploads\/2026\/01\/Frame-1-2-768x1143.jpg 768w, https:\/\/leanepdv.com\/wp-content\/uploads\/2026\/01\/Frame-1-2-1032x1536.jpg 1032w, https:\/\/leanepdv.com\/wp-content\/uploads\/2026\/01\/Frame-1-2-1376x2048.jpg 1376w\" sizes=\"(max-width: 1719px) 100vw, 1719px\" \/>\t\t\t\t\t\t\t\t\t\t\t\t\t\t\t<\/div>\n\t\t\t\t<\/div>\n\t\t\t\t<\/div>\n\t\t\t\t\t<\/div>\n\t\t\t\t<\/div>\n\t\t<div class=\"elementor-element elementor-element-14965ac e-flex e-con-boxed e-con e-parent\" data-id=\"14965ac\" data-element_type=\"container\">\n\t\t\t\t\t<div class=\"e-con-inner\">\n\t\t\t\t<div class=\"elementor-element elementor-element-a18adca elementor-widget elementor-widget-video\" data-id=\"a18adca\" data-element_type=\"widget\" data-settings=\"{&quot;video_type&quot;:&quot;hosted&quot;,&quot;start&quot;:0,&quot;controls&quot;:&quot;yes&quot;}\" data-widget_type=\"video.default\">\n\t\t\t\t<div class=\"elementor-widget-container\">\n\t\t\t\t\t\t\t<div class=\"e-hosted-video elementor-wrapper elementor-open-inline\">\n\t\t\t\t\t<video class=\"elementor-video\" src=\"https:\/\/leanepdv.com\/wp-content\/uploads\/2026\/01\/anim-sky.mp4\" controls=\"\" preload=\"metadata\" controlsList=\"nodownload\"><\/video>\n\t\t\t\t<\/div>\n\t\t\t\t\t\t<\/div>\n\t\t\t\t<\/div>\n\t\t\t\t\t<\/div>\n\t\t\t\t<\/div>\n\t\t<div class=\"elementor-element elementor-element-cf0e485 e-flex e-con-boxed e-con e-parent\" data-id=\"cf0e485\" data-element_type=\"container\">\n\t\t\t\t\t<div class=\"e-con-inner\">\n\t\t<div class=\"elementor-element elementor-element-8c49e11 e-con-full e-flex e-con e-child\" data-id=\"8c49e11\" data-element_type=\"container\">\n\t\t\t\t<div class=\"elementor-element elementor-element-db75bbb elementor-widget elementor-widget-image\" data-id=\"db75bbb\" data-element_type=\"widget\" data-widget_type=\"image.default\">\n\t\t\t\t<div class=\"elementor-widget-container\">\n\t\t\t\t\t\t\t\t\t\t\t\t\t\t\t<img decoding=\"async\" width=\"2033\" height=\"2458\" src=\"https:\/\/leanepdv.com\/wp-content\/uploads\/2026\/01\/Mock1Sky.jpg\" class=\"attachment-full size-full wp-image-930\" alt=\"\" srcset=\"https:\/\/leanepdv.com\/wp-content\/uploads\/2026\/01\/Mock1Sky.jpg 2033w, https:\/\/leanepdv.com\/wp-content\/uploads\/2026\/01\/Mock1Sky-248x300.jpg 248w, https:\/\/leanepdv.com\/wp-content\/uploads\/2026\/01\/Mock1Sky-847x1024.jpg 847w, https:\/\/leanepdv.com\/wp-content\/uploads\/2026\/01\/Mock1Sky-768x929.jpg 768w, https:\/\/leanepdv.com\/wp-content\/uploads\/2026\/01\/Mock1Sky-1270x1536.jpg 1270w, https:\/\/leanepdv.com\/wp-content\/uploads\/2026\/01\/Mock1Sky-1694x2048.jpg 1694w\" sizes=\"(max-width: 2033px) 100vw, 2033px\" \/>\t\t\t\t\t\t\t\t\t\t\t\t\t\t\t<\/div>\n\t\t\t\t<\/div>\n\t\t\t\t<\/div>\n\t\t<div class=\"elementor-element elementor-element-d39526e e-con-full e-flex e-con e-child\" data-id=\"d39526e\" data-element_type=\"container\">\n\t\t\t\t<div class=\"elementor-element elementor-element-15a5479 elementor-widget elementor-widget-image\" data-id=\"15a5479\" data-element_type=\"widget\" data-widget_type=\"image.default\">\n\t\t\t\t<div class=\"elementor-widget-container\">\n\t\t\t\t\t\t\t\t\t\t\t\t\t\t\t<img loading=\"lazy\" decoding=\"async\" width=\"2034\" height=\"2458\" src=\"https:\/\/leanepdv.com\/wp-content\/uploads\/2026\/01\/Mck2-Sky.png\" class=\"attachment-full size-full wp-image-932\" alt=\"\" srcset=\"https:\/\/leanepdv.com\/wp-content\/uploads\/2026\/01\/Mck2-Sky.png 2034w, https:\/\/leanepdv.com\/wp-content\/uploads\/2026\/01\/Mck2-Sky-248x300.png 248w, https:\/\/leanepdv.com\/wp-content\/uploads\/2026\/01\/Mck2-Sky-847x1024.png 847w, https:\/\/leanepdv.com\/wp-content\/uploads\/2026\/01\/Mck2-Sky-768x928.png 768w, https:\/\/leanepdv.com\/wp-content\/uploads\/2026\/01\/Mck2-Sky-1271x1536.png 1271w, https:\/\/leanepdv.com\/wp-content\/uploads\/2026\/01\/Mck2-Sky-1695x2048.png 1695w\" sizes=\"(max-width: 2034px) 100vw, 2034px\" \/>\t\t\t\t\t\t\t\t\t\t\t\t\t\t\t<\/div>\n\t\t\t\t<\/div>\n\t\t\t\t<\/div>\n\t\t<div class=\"elementor-element elementor-element-cf06200 e-con-full e-flex e-con e-child\" data-id=\"cf06200\" data-element_type=\"container\">\n\t\t\t\t<div class=\"elementor-element elementor-element-e53f524 elementor-widget elementor-widget-image\" data-id=\"e53f524\" data-element_type=\"widget\" data-widget_type=\"image.default\">\n\t\t\t\t<div class=\"elementor-widget-container\">\n\t\t\t\t\t\t\t\t\t\t\t\t\t\t\t<img decoding=\"async\" src=\"https:\/\/leanepdv.com\/wp-content\/uploads\/2025\/10\/M-5-scaled.jpg\" title=\"\" alt=\"\" loading=\"lazy\" \/>\t\t\t\t\t\t\t\t\t\t\t\t\t\t\t<\/div>\n\t\t\t\t<\/div>\n\t\t\t\t<\/div>\n\t\t\t\t\t<\/div>\n\t\t\t\t<\/div>\n\t\t<div class=\"elementor-element elementor-element-329c103 e-flex e-con-boxed e-con e-parent\" data-id=\"329c103\" data-element_type=\"container\">\n\t\t\t\t\t<div class=\"e-con-inner\">\n\t\t<div class=\"elementor-element elementor-element-fe7407b e-con-full e-flex e-con e-child\" data-id=\"fe7407b\" data-element_type=\"container\">\n\t\t<div class=\"elementor-element elementor-element-baf9af3 e-con-full e-flex e-con e-child\" data-id=\"baf9af3\" data-element_type=\"container\">\n\t\t\t\t<div class=\"elementor-element elementor-element-e028d93 elementor-widget elementor-widget-image\" data-id=\"e028d93\" data-element_type=\"widget\" data-widget_type=\"image.default\">\n\t\t\t\t<div class=\"elementor-widget-container\">\n\t\t\t\t\t\t\t\t\t\t\t\t\t\t\t<img loading=\"lazy\" decoding=\"async\" width=\"2560\" height=\"1354\" src=\"https:\/\/leanepdv.com\/wp-content\/uploads\/2026\/01\/mockup3-scaled.jpg\" class=\"attachment-full size-full wp-image-936\" alt=\"\" srcset=\"https:\/\/leanepdv.com\/wp-content\/uploads\/2026\/01\/mockup3-scaled.jpg 2560w, https:\/\/leanepdv.com\/wp-content\/uploads\/2026\/01\/mockup3-300x159.jpg 300w, https:\/\/leanepdv.com\/wp-content\/uploads\/2026\/01\/mockup3-1024x541.jpg 1024w, https:\/\/leanepdv.com\/wp-content\/uploads\/2026\/01\/mockup3-768x406.jpg 768w, https:\/\/leanepdv.com\/wp-content\/uploads\/2026\/01\/mockup3-1536x812.jpg 1536w, https:\/\/leanepdv.com\/wp-content\/uploads\/2026\/01\/mockup3-2048x1083.jpg 2048w\" sizes=\"(max-width: 2560px) 100vw, 2560px\" \/>\t\t\t\t\t\t\t\t\t\t\t\t\t\t\t<\/div>\n\t\t\t\t<\/div>\n\t\t\t\t<\/div>\n\t\t\t\t<\/div>\n\t\t\t\t\t<\/div>\n\t\t\t\t<\/div>\n\t\t<div class=\"elementor-element elementor-element-8888233 e-flex e-con-boxed e-con e-parent\" data-id=\"8888233\" data-element_type=\"container\">\n\t\t\t\t\t<div class=\"e-con-inner\">\n\t\t<div class=\"elementor-element elementor-element-e491863 e-con-full e-flex e-con e-child\" data-id=\"e491863\" data-element_type=\"container\">\n\t\t<div class=\"elementor-element elementor-element-c5d219c e-con-full e-flex e-con e-child\" data-id=\"c5d219c\" data-element_type=\"container\">\n\t\t\t\t<div class=\"elementor-element elementor-element-a3e2d5f elementor-widget elementor-widget-image\" data-id=\"a3e2d5f\" data-element_type=\"widget\" data-widget_type=\"image.default\">\n\t\t\t\t<div class=\"elementor-widget-container\">\n\t\t\t\t\t\t\t\t\t\t\t\t\t\t\t<img loading=\"lazy\" decoding=\"async\" width=\"2033\" height=\"2458\" src=\"https:\/\/leanepdv.com\/wp-content\/uploads\/2026\/01\/Mockup4.jpg\" class=\"attachment-full size-full wp-image-938\" alt=\"\" srcset=\"https:\/\/leanepdv.com\/wp-content\/uploads\/2026\/01\/Mockup4.jpg 2033w, https:\/\/leanepdv.com\/wp-content\/uploads\/2026\/01\/Mockup4-248x300.jpg 248w, https:\/\/leanepdv.com\/wp-content\/uploads\/2026\/01\/Mockup4-847x1024.jpg 847w, https:\/\/leanepdv.com\/wp-content\/uploads\/2026\/01\/Mockup4-768x929.jpg 768w, https:\/\/leanepdv.com\/wp-content\/uploads\/2026\/01\/Mockup4-1270x1536.jpg 1270w, https:\/\/leanepdv.com\/wp-content\/uploads\/2026\/01\/Mockup4-1694x2048.jpg 1694w\" sizes=\"(max-width: 2033px) 100vw, 2033px\" \/>\t\t\t\t\t\t\t\t\t\t\t\t\t\t\t<\/div>\n\t\t\t\t<\/div>\n\t\t\t\t<\/div>\n\t\t<div class=\"elementor-element elementor-element-616e1bb e-con-full e-flex e-con e-child\" data-id=\"616e1bb\" data-element_type=\"container\">\n\t\t\t\t<div class=\"elementor-element elementor-element-29a2366 elementor-widget elementor-widget-image\" data-id=\"29a2366\" data-element_type=\"widget\" data-widget_type=\"image.default\">\n\t\t\t\t<div class=\"elementor-widget-container\">\n\t\t\t\t\t\t\t\t\t\t\t\t\t\t\t<img loading=\"lazy\" decoding=\"async\" width=\"2034\" height=\"2458\" src=\"https:\/\/leanepdv.com\/wp-content\/uploads\/2026\/01\/mockup4.png\" class=\"attachment-full size-full wp-image-939\" alt=\"\" srcset=\"https:\/\/leanepdv.com\/wp-content\/uploads\/2026\/01\/mockup4.png 2034w, https:\/\/leanepdv.com\/wp-content\/uploads\/2026\/01\/mockup4-248x300.png 248w, https:\/\/leanepdv.com\/wp-content\/uploads\/2026\/01\/mockup4-847x1024.png 847w, https:\/\/leanepdv.com\/wp-content\/uploads\/2026\/01\/mockup4-768x928.png 768w, https:\/\/leanepdv.com\/wp-content\/uploads\/2026\/01\/mockup4-1271x1536.png 1271w, https:\/\/leanepdv.com\/wp-content\/uploads\/2026\/01\/mockup4-1695x2048.png 1695w\" sizes=\"(max-width: 2034px) 100vw, 2034px\" \/>\t\t\t\t\t\t\t\t\t\t\t\t\t\t\t<\/div>\n\t\t\t\t<\/div>\n\t\t\t\t<\/div>\n\t\t<div class=\"elementor-element elementor-element-96f7230 e-con-full e-flex e-con e-child\" data-id=\"96f7230\" data-element_type=\"container\">\n\t\t\t\t<div class=\"elementor-element elementor-element-98de5d6 elementor-widget elementor-widget-image\" data-id=\"98de5d6\" data-element_type=\"widget\" data-widget_type=\"image.default\">\n\t\t\t\t<div class=\"elementor-widget-container\">\n\t\t\t\t\t\t\t\t\t\t\t\t\t\t\t<img decoding=\"async\" src=\"https:\/\/leanepdv.com\/wp-content\/uploads\/2025\/10\/M-5-scaled.jpg\" title=\"\" alt=\"\" loading=\"lazy\" \/>\t\t\t\t\t\t\t\t\t\t\t\t\t\t\t<\/div>\n\t\t\t\t<\/div>\n\t\t\t\t<\/div>\n\t\t\t\t<\/div>\n\t\t\t\t\t<\/div>\n\t\t\t\t<\/div>\n\t\t<div class=\"elementor-element elementor-element-c3f06ee e-flex e-con-boxed e-con e-parent\" data-id=\"c3f06ee\" data-element_type=\"container\">\n\t\t\t\t\t<div class=\"e-con-inner\">\n\t\t<div class=\"elementor-element elementor-element-6cb7802 e-con-full e-flex e-con e-child\" data-id=\"6cb7802\" data-element_type=\"container\">\n\t\t<div class=\"elementor-element elementor-element-c499e0f e-con-full e-flex e-con e-child\" data-id=\"c499e0f\" data-element_type=\"container\">\n\t\t\t\t<div class=\"elementor-element elementor-element-e2e9d32 elementor-widget elementor-widget-image\" data-id=\"e2e9d32\" data-element_type=\"widget\" data-widget_type=\"image.default\">\n\t\t\t\t<div class=\"elementor-widget-container\">\n\t\t\t\t\t\t\t\t\t\t\t\t\t\t\t<img loading=\"lazy\" decoding=\"async\" width=\"2560\" height=\"1766\" src=\"https:\/\/leanepdv.com\/wp-content\/uploads\/2026\/01\/Mockup5-scaled.jpg\" class=\"attachment-full size-full wp-image-946\" alt=\"\" srcset=\"https:\/\/leanepdv.com\/wp-content\/uploads\/2026\/01\/Mockup5-scaled.jpg 2560w, https:\/\/leanepdv.com\/wp-content\/uploads\/2026\/01\/Mockup5-300x207.jpg 300w, https:\/\/leanepdv.com\/wp-content\/uploads\/2026\/01\/Mockup5-1024x706.jpg 1024w, https:\/\/leanepdv.com\/wp-content\/uploads\/2026\/01\/Mockup5-768x530.jpg 768w, https:\/\/leanepdv.com\/wp-content\/uploads\/2026\/01\/Mockup5-1536x1060.jpg 1536w, https:\/\/leanepdv.com\/wp-content\/uploads\/2026\/01\/Mockup5-2048x1413.jpg 2048w\" sizes=\"(max-width: 2560px) 100vw, 2560px\" \/>\t\t\t\t\t\t\t\t\t\t\t\t\t\t\t<\/div>\n\t\t\t\t<\/div>\n\t\t\t\t<\/div>\n\t\t\t\t<\/div>\n\t\t\t\t\t<\/div>\n\t\t\t\t<\/div>\n\t\t\t\t<\/div>\n\t\t","protected":false},"excerpt":{"rendered":"<p>Skyline Beats Cr\u00e9ation d\u2019une identit\u00e9 de marque pour Skyline Beats, une soir\u00e9e \u00e9ph\u00e9m\u00e8re se d\u00e9roulant sur un rooftop \u00e0 Barcelone [&hellip;]<\/p>\n","protected":false},"author":1,"featured_media":0,"parent":0,"menu_order":0,"comment_status":"closed","ping_status":"closed","template":"","meta":{"site-sidebar-layout":"no-sidebar","site-content-layout":"","ast-site-content-layout":"full-width-container","site-content-style":"default","site-sidebar-style":"default","ast-global-header-display":"","ast-banner-title-visibility":"","ast-main-header-display":"","ast-hfb-above-header-display":"","ast-hfb-below-header-display":"","ast-hfb-mobile-header-display":"","site-post-title":"disabled","ast-breadcrumbs-content":"","ast-featured-img":"disabled","footer-sml-layout":"","theme-transparent-header-meta":"","adv-header-id-meta":"","stick-header-meta":"","header-above-stick-meta":"","header-main-stick-meta":"","header-below-stick-meta":"","astra-migrate-meta-layouts":"default","ast-page-background-enabled":"default","ast-page-background-meta":{"desktop":{"background-color":"var(--ast-global-color-5)","background-image":"","background-repeat":"repeat","background-position":"center center","background-size":"auto","background-attachment":"scroll","background-type":"","background-media":"","overlay-type":"","overlay-color":"","overlay-opacity":"","overlay-gradient":""},"tablet":{"background-color":"","background-image":"","background-repeat":"repeat","background-position":"center center","background-size":"auto","background-attachment":"scroll","background-type":"","background-media":"","overlay-type":"","overlay-color":"","overlay-opacity":"","overlay-gradient":""},"mobile":{"background-color":"","background-image":"","background-repeat":"repeat","background-position":"center center","background-size":"auto","background-attachment":"scroll","background-type":"","background-media":"","overlay-type":"","overlay-color":"","overlay-opacity":"","overlay-gradient":""}},"ast-content-background-meta":{"desktop":{"background-color":"var(--ast-global-color-4)","background-image":"","background-repeat":"repeat","background-position":"center center","background-size":"auto","background-attachment":"scroll","background-type":"","background-media":"","overlay-type":"","overlay-color":"","overlay-opacity":"","overlay-gradient":""},"tablet":{"background-color":"var(--ast-global-color-4)","background-image":"","background-repeat":"repeat","background-position":"center center","background-size":"auto","background-attachment":"scroll","background-type":"","background-media":"","overlay-type":"","overlay-color":"","overlay-opacity":"","overlay-gradient":""},"mobile":{"background-color":"var(--ast-global-color-4)","background-image":"","background-repeat":"repeat","background-position":"center center","background-size":"auto","background-attachment":"scroll","background-type":"","background-media":"","overlay-type":"","overlay-color":"","overlay-opacity":"","overlay-gradient":""}},"footnotes":""},"class_list":["post-117","page","type-page","status-publish","hentry"],"_links":{"self":[{"href":"https:\/\/leanepdv.com\/index.php?rest_route=\/wp\/v2\/pages\/117","targetHints":{"allow":["GET"]}}],"collection":[{"href":"https:\/\/leanepdv.com\/index.php?rest_route=\/wp\/v2\/pages"}],"about":[{"href":"https:\/\/leanepdv.com\/index.php?rest_route=\/wp\/v2\/types\/page"}],"author":[{"embeddable":true,"href":"https:\/\/leanepdv.com\/index.php?rest_route=\/wp\/v2\/users\/1"}],"replies":[{"embeddable":true,"href":"https:\/\/leanepdv.com\/index.php?rest_route=%2Fwp%2Fv2%2Fcomments&post=117"}],"version-history":[{"count":71,"href":"https:\/\/leanepdv.com\/index.php?rest_route=\/wp\/v2\/pages\/117\/revisions"}],"predecessor-version":[{"id":1073,"href":"https:\/\/leanepdv.com\/index.php?rest_route=\/wp\/v2\/pages\/117\/revisions\/1073"}],"wp:attachment":[{"href":"https:\/\/leanepdv.com\/index.php?rest_route=%2Fwp%2Fv2%2Fmedia&parent=117"}],"curies":[{"name":"wp","href":"https:\/\/api.w.org\/{rel}","templated":true}]}}