{"id":232,"date":"2025-06-02T13:45:32","date_gmt":"2025-06-02T13:45:32","guid":{"rendered":"https:\/\/leanepdv.com\/?page_id=232"},"modified":"2026-01-15T23:01:38","modified_gmt":"2026-01-15T23:01:38","slug":"terra-pils","status":"publish","type":"page","link":"https:\/\/leanepdv.com\/?page_id=232","title":{"rendered":"Terra Pils"},"content":{"rendered":"\t\t<div data-elementor-type=\"wp-page\" data-elementor-id=\"232\" class=\"elementor elementor-232\" data-elementor-post-type=\"page\">\n\t\t\t\t<div class=\"elementor-element elementor-element-fa7fffc e-con-full e-flex e-con e-parent\" data-id=\"fa7fffc\" data-element_type=\"container\" data-settings=\"{&quot;background_background&quot;:&quot;classic&quot;}\">\n\t\t\t\t<div class=\"elementor-element elementor-element-00a1458 elementor-widget elementor-widget-image\" data-id=\"00a1458\" data-element_type=\"widget\" data-widget_type=\"image.default\">\n\t\t\t\t<div class=\"elementor-widget-container\">\n\t\t\t\t\t\t\t\t\t\t\t\t\t\t\t<img fetchpriority=\"high\" decoding=\"async\" width=\"2560\" height=\"1446\" src=\"https:\/\/leanepdv.com\/wp-content\/uploads\/2025\/10\/TempletPortfolio-scaled.jpg\" class=\"attachment-full size-full wp-image-686\" alt=\"\" srcset=\"https:\/\/leanepdv.com\/wp-content\/uploads\/2025\/10\/TempletPortfolio-scaled.jpg 2560w, https:\/\/leanepdv.com\/wp-content\/uploads\/2025\/10\/TempletPortfolio-300x169.jpg 300w, https:\/\/leanepdv.com\/wp-content\/uploads\/2025\/10\/TempletPortfolio-1024x578.jpg 1024w, https:\/\/leanepdv.com\/wp-content\/uploads\/2025\/10\/TempletPortfolio-768x434.jpg 768w, https:\/\/leanepdv.com\/wp-content\/uploads\/2025\/10\/TempletPortfolio-1536x868.jpg 1536w, https:\/\/leanepdv.com\/wp-content\/uploads\/2025\/10\/TempletPortfolio-2048x1157.jpg 2048w\" sizes=\"(max-width: 2560px) 100vw, 2560px\" \/>\t\t\t\t\t\t\t\t\t\t\t\t\t\t\t<\/div>\n\t\t\t\t<\/div>\n\t\t\t\t<\/div>\n\t\t<div class=\"elementor-element elementor-element-eac8609 e-flex e-con-boxed e-con e-parent\" data-id=\"eac8609\" data-element_type=\"container\">\n\t\t\t\t\t<div class=\"e-con-inner\">\n\t\t\t\t<div class=\"elementor-element elementor-element-49f6be9 elementor-widget elementor-widget-heading\" data-id=\"49f6be9\" data-element_type=\"widget\" data-widget_type=\"heading.default\">\n\t\t\t\t<div class=\"elementor-widget-container\">\n\t\t\t\t\t<h2 class=\"elementor-heading-title elementor-size-default\">Terra pils<\/h2>\t\t\t\t<\/div>\n\t\t\t\t<\/div>\n\t\t\t\t<div class=\"elementor-element elementor-element-90828ca elementor-widget elementor-widget-text-editor\" data-id=\"90828ca\" data-element_type=\"widget\" data-widget_type=\"text-editor.default\">\n\t\t\t\t<div class=\"elementor-widget-container\">\n\t\t\t\t\t\t\t\t\t<p>Cr\u00e9ation d\u2019une campagne digitale et print pour Brussels Beer Project, une brasserie au caract\u00e8re affirm\u00e9 qui m\u00eale design audacieux, identit\u00e9 forte<br \/>et engagement envers des valeurs locales, durables et communautaires. Cette campagne annon\u00e7ait la sortie en bouteille de la Terra Pils, jusqu\u2019ici uniquement disponible en f\u00fbt. R\u00e9alis\u00e9e avec une police de caract\u00e8re alternative \u00e0 celle officielle, car celle-ci est sous licence.<\/p>\t\t\t\t\t\t\t\t<\/div>\n\t\t\t\t<\/div>\n\t\t\t\t\t<\/div>\n\t\t\t\t<\/div>\n\t\t<div class=\"elementor-element elementor-element-d7b2dab e-flex e-con-boxed e-con e-parent\" data-id=\"d7b2dab\" data-element_type=\"container\">\n\t\t\t\t\t<div class=\"e-con-inner\">\n\t\t<div class=\"elementor-element elementor-element-40ebcc1 e-con-full e-flex e-con e-child\" data-id=\"40ebcc1\" data-element_type=\"container\">\n\t\t\t\t<div class=\"elementor-element elementor-element-cc19bb1 elementor-widget elementor-widget-image\" data-id=\"cc19bb1\" data-element_type=\"widget\" data-widget_type=\"image.default\">\n\t\t\t\t<div class=\"elementor-widget-container\">\n\t\t\t\t\t\t\t\t\t\t\t\t\t\t\t<img decoding=\"async\" width=\"1531\" height=\"1058\" src=\"https:\/\/leanepdv.com\/wp-content\/uploads\/2025\/06\/16m2Mockup-1.jpg\" class=\"attachment-full size-full wp-image-509\" alt=\"\" srcset=\"https:\/\/leanepdv.com\/wp-content\/uploads\/2025\/06\/16m2Mockup-1.jpg 1531w, https:\/\/leanepdv.com\/wp-content\/uploads\/2025\/06\/16m2Mockup-1-300x207.jpg 300w, https:\/\/leanepdv.com\/wp-content\/uploads\/2025\/06\/16m2Mockup-1-1024x708.jpg 1024w, https:\/\/leanepdv.com\/wp-content\/uploads\/2025\/06\/16m2Mockup-1-768x531.jpg 768w\" sizes=\"(max-width: 1531px) 100vw, 1531px\" \/>\t\t\t\t\t\t\t\t\t\t\t\t\t\t\t<\/div>\n\t\t\t\t<\/div>\n\t\t\t\t<\/div>\n\t\t\t\t\t<\/div>\n\t\t\t\t<\/div>\n\t\t<div class=\"elementor-element elementor-element-3003abf e-flex e-con-boxed e-con e-parent\" data-id=\"3003abf\" data-element_type=\"container\">\n\t\t\t\t\t<div class=\"e-con-inner\">\n\t\t<div class=\"elementor-element elementor-element-f4f357e e-con-full e-flex e-con e-child\" data-id=\"f4f357e\" data-element_type=\"container\">\n\t\t\t\t<div class=\"elementor-element elementor-element-c2f080b elementor-widget elementor-widget-image\" data-id=\"c2f080b\" data-element_type=\"widget\" data-widget_type=\"image.default\">\n\t\t\t\t<div class=\"elementor-widget-container\">\n\t\t\t\t\t\t\t\t\t\t\t\t\t\t\t<img decoding=\"async\" width=\"1531\" height=\"1058\" src=\"https:\/\/leanepdv.com\/wp-content\/uploads\/2025\/06\/Flyer.jpg\" class=\"attachment-full size-full wp-image-514\" alt=\"\" srcset=\"https:\/\/leanepdv.com\/wp-content\/uploads\/2025\/06\/Flyer.jpg 1531w, https:\/\/leanepdv.com\/wp-content\/uploads\/2025\/06\/Flyer-300x207.jpg 300w, https:\/\/leanepdv.com\/wp-content\/uploads\/2025\/06\/Flyer-1024x708.jpg 1024w, https:\/\/leanepdv.com\/wp-content\/uploads\/2025\/06\/Flyer-768x531.jpg 768w\" sizes=\"(max-width: 1531px) 100vw, 1531px\" \/>\t\t\t\t\t\t\t\t\t\t\t\t\t\t\t<\/div>\n\t\t\t\t<\/div>\n\t\t\t\t<\/div>\n\t\t\t\t\t<\/div>\n\t\t\t\t<\/div>\n\t\t<div class=\"elementor-element elementor-element-0f4e84e e-flex e-con-boxed e-con e-parent\" data-id=\"0f4e84e\" data-element_type=\"container\">\n\t\t\t\t\t<div class=\"e-con-inner\">\n\t\t<div class=\"elementor-element elementor-element-5832f94 e-con-full e-flex e-con e-child\" data-id=\"5832f94\" data-element_type=\"container\">\n\t\t\t\t<div class=\"elementor-element elementor-element-94fcef5 elementor-widget elementor-widget-image\" data-id=\"94fcef5\" data-element_type=\"widget\" data-widget_type=\"image.default\">\n\t\t\t\t<div class=\"elementor-widget-container\">\n\t\t\t\t\t\t\t\t\t\t\t\t\t\t\t<img loading=\"lazy\" decoding=\"async\" width=\"2560\" height=\"1920\" src=\"https:\/\/leanepdv.com\/wp-content\/uploads\/2025\/10\/02.-Instagram-Carousel-Arc-Wrap-scaled.jpg\" class=\"attachment-full size-full wp-image-682\" alt=\"\" srcset=\"https:\/\/leanepdv.com\/wp-content\/uploads\/2025\/10\/02.-Instagram-Carousel-Arc-Wrap-scaled.jpg 2560w, https:\/\/leanepdv.com\/wp-content\/uploads\/2025\/10\/02.-Instagram-Carousel-Arc-Wrap-300x225.jpg 300w, https:\/\/leanepdv.com\/wp-content\/uploads\/2025\/10\/02.-Instagram-Carousel-Arc-Wrap-1024x768.jpg 1024w, https:\/\/leanepdv.com\/wp-content\/uploads\/2025\/10\/02.-Instagram-Carousel-Arc-Wrap-768x576.jpg 768w, https:\/\/leanepdv.com\/wp-content\/uploads\/2025\/10\/02.-Instagram-Carousel-Arc-Wrap-1536x1152.jpg 1536w, https:\/\/leanepdv.com\/wp-content\/uploads\/2025\/10\/02.-Instagram-Carousel-Arc-Wrap-2048x1536.jpg 2048w\" sizes=\"(max-width: 2560px) 100vw, 2560px\" \/>\t\t\t\t\t\t\t\t\t\t\t\t\t\t\t<\/div>\n\t\t\t\t<\/div>\n\t\t\t\t<\/div>\n\t\t\t\t\t<\/div>\n\t\t\t\t<\/div>\n\t\t<div class=\"elementor-element elementor-element-49f2866 e-flex e-con-boxed e-con e-parent\" data-id=\"49f2866\" data-element_type=\"container\">\n\t\t\t\t\t<div class=\"e-con-inner\">\n\t\t<div class=\"elementor-element elementor-element-5ebd733 e-con-full e-flex e-con e-child\" data-id=\"5ebd733\" data-element_type=\"container\">\n\t\t\t\t<div class=\"elementor-element elementor-element-223deeb elementor-widget elementor-widget-image\" data-id=\"223deeb\" data-element_type=\"widget\" data-widget_type=\"image.default\">\n\t\t\t\t<div class=\"elementor-widget-container\">\n\t\t\t\t\t\t\t\t\t\t\t\t\t\t\t<img loading=\"lazy\" decoding=\"async\" width=\"2560\" height=\"1768\" src=\"https:\/\/leanepdv.com\/wp-content\/uploads\/2025\/10\/Sans-titre-3-scaled.jpg\" class=\"attachment-full size-full wp-image-677\" alt=\"\" srcset=\"https:\/\/leanepdv.com\/wp-content\/uploads\/2025\/10\/Sans-titre-3-scaled.jpg 2560w, https:\/\/leanepdv.com\/wp-content\/uploads\/2025\/10\/Sans-titre-3-300x207.jpg 300w, https:\/\/leanepdv.com\/wp-content\/uploads\/2025\/10\/Sans-titre-3-1024x707.jpg 1024w, https:\/\/leanepdv.com\/wp-content\/uploads\/2025\/10\/Sans-titre-3-768x530.jpg 768w, https:\/\/leanepdv.com\/wp-content\/uploads\/2025\/10\/Sans-titre-3-1536x1061.jpg 1536w, https:\/\/leanepdv.com\/wp-content\/uploads\/2025\/10\/Sans-titre-3-2048x1414.jpg 2048w\" sizes=\"(max-width: 2560px) 100vw, 2560px\" \/>\t\t\t\t\t\t\t\t\t\t\t\t\t\t\t<\/div>\n\t\t\t\t<\/div>\n\t\t\t\t<\/div>\n\t\t\t\t\t<\/div>\n\t\t\t\t<\/div>\n\t\t\t\t<\/div>\n\t\t","protected":false},"excerpt":{"rendered":"<p>Terra pils Cr\u00e9ation d\u2019une campagne digitale et print pour Brussels Beer Project, une brasserie au caract\u00e8re affirm\u00e9 qui m\u00eale design [&hellip;]<\/p>\n","protected":false},"author":1,"featured_media":0,"parent":0,"menu_order":0,"comment_status":"closed","ping_status":"closed","template":"","meta":{"site-sidebar-layout":"no-sidebar","site-content-layout":"","ast-site-content-layout":"full-width-container","site-content-style":"default","site-sidebar-style":"default","ast-global-header-display":"","ast-banner-title-visibility":"","ast-main-header-display":"","ast-hfb-above-header-display":"","ast-hfb-below-header-display":"","ast-hfb-mobile-header-display":"","site-post-title":"disabled","ast-breadcrumbs-content":"","ast-featured-img":"disabled","footer-sml-layout":"","theme-transparent-header-meta":"","adv-header-id-meta":"","stick-header-meta":"","header-above-stick-meta":"","header-main-stick-meta":"","header-below-stick-meta":"","astra-migrate-meta-layouts":"default","ast-page-background-enabled":"default","ast-page-background-meta":{"desktop":{"background-color":"var(--ast-global-color-5)","background-image":"","background-repeat":"repeat","background-position":"center center","background-size":"auto","background-attachment":"scroll","background-type":"","background-media":"","overlay-type":"","overlay-color":"","overlay-opacity":"","overlay-gradient":""},"tablet":{"background-color":"","background-image":"","background-repeat":"repeat","background-position":"center center","background-size":"auto","background-attachment":"scroll","background-type":"","background-media":"","overlay-type":"","overlay-color":"","overlay-opacity":"","overlay-gradient":""},"mobile":{"background-color":"","background-image":"","background-repeat":"repeat","background-position":"center center","background-size":"auto","background-attachment":"scroll","background-type":"","background-media":"","overlay-type":"","overlay-color":"","overlay-opacity":"","overlay-gradient":""}},"ast-content-background-meta":{"desktop":{"background-color":"var(--ast-global-color-4)","background-image":"","background-repeat":"repeat","background-position":"center center","background-size":"auto","background-attachment":"scroll","background-type":"","background-media":"","overlay-type":"","overlay-color":"","overlay-opacity":"","overlay-gradient":""},"tablet":{"background-color":"var(--ast-global-color-4)","background-image":"","background-repeat":"repeat","background-position":"center center","background-size":"auto","background-attachment":"scroll","background-type":"","background-media":"","overlay-type":"","overlay-color":"","overlay-opacity":"","overlay-gradient":""},"mobile":{"background-color":"var(--ast-global-color-4)","background-image":"","background-repeat":"repeat","background-position":"center center","background-size":"auto","background-attachment":"scroll","background-type":"","background-media":"","overlay-type":"","overlay-color":"","overlay-opacity":"","overlay-gradient":""}},"footnotes":""},"class_list":["post-232","page","type-page","status-publish","hentry"],"_links":{"self":[{"href":"https:\/\/leanepdv.com\/index.php?rest_route=\/wp\/v2\/pages\/232","targetHints":{"allow":["GET"]}}],"collection":[{"href":"https:\/\/leanepdv.com\/index.php?rest_route=\/wp\/v2\/pages"}],"about":[{"href":"https:\/\/leanepdv.com\/index.php?rest_route=\/wp\/v2\/types\/page"}],"author":[{"embeddable":true,"href":"https:\/\/leanepdv.com\/index.php?rest_route=\/wp\/v2\/users\/1"}],"replies":[{"embeddable":true,"href":"https:\/\/leanepdv.com\/index.php?rest_route=%2Fwp%2Fv2%2Fcomments&post=232"}],"version-history":[{"count":37,"href":"https:\/\/leanepdv.com\/index.php?rest_route=\/wp\/v2\/pages\/232\/revisions"}],"predecessor-version":[{"id":1047,"href":"https:\/\/leanepdv.com\/index.php?rest_route=\/wp\/v2\/pages\/232\/revisions\/1047"}],"wp:attachment":[{"href":"https:\/\/leanepdv.com\/index.php?rest_route=%2Fwp%2Fv2%2Fmedia&parent=232"}],"curies":[{"name":"wp","href":"https:\/\/api.w.org\/{rel}","templated":true}]}}