{"id":274,"date":"2025-06-02T16:01:16","date_gmt":"2025-06-02T16:01:16","guid":{"rendered":"https:\/\/leanepdv.com\/?page_id=274"},"modified":"2026-01-15T14:12:24","modified_gmt":"2026-01-15T14:12:24","slug":"cuvee-w","status":"publish","type":"page","link":"https:\/\/leanepdv.com\/?page_id=274","title":{"rendered":"Cuv\u00e9e W"},"content":{"rendered":"\t\t<div data-elementor-type=\"wp-page\" data-elementor-id=\"274\" class=\"elementor elementor-274\" data-elementor-post-type=\"page\">\n\t\t\t\t<div class=\"elementor-element elementor-element-0122f5e e-con-full e-flex e-con e-parent\" data-id=\"0122f5e\" data-element_type=\"container\" data-settings=\"{&quot;background_background&quot;:&quot;classic&quot;}\">\n\t\t\t\t<div class=\"elementor-element elementor-element-9f7c6eb elementor-widget elementor-widget-image\" data-id=\"9f7c6eb\" data-element_type=\"widget\" data-widget_type=\"image.default\">\n\t\t\t\t<div class=\"elementor-widget-container\">\n\t\t\t\t\t\t\t\t\t\t\t\t\t\t\t<img fetchpriority=\"high\" decoding=\"async\" width=\"2560\" height=\"1446\" src=\"https:\/\/leanepdv.com\/wp-content\/uploads\/2025\/10\/TempletPortfolio-Accueil-scaled.jpg\" class=\"attachment-full size-full wp-image-661\" alt=\"\" srcset=\"https:\/\/leanepdv.com\/wp-content\/uploads\/2025\/10\/TempletPortfolio-Accueil-scaled.jpg 2560w, https:\/\/leanepdv.com\/wp-content\/uploads\/2025\/10\/TempletPortfolio-Accueil-300x169.jpg 300w, https:\/\/leanepdv.com\/wp-content\/uploads\/2025\/10\/TempletPortfolio-Accueil-1024x578.jpg 1024w, https:\/\/leanepdv.com\/wp-content\/uploads\/2025\/10\/TempletPortfolio-Accueil-768x434.jpg 768w, https:\/\/leanepdv.com\/wp-content\/uploads\/2025\/10\/TempletPortfolio-Accueil-1536x868.jpg 1536w, https:\/\/leanepdv.com\/wp-content\/uploads\/2025\/10\/TempletPortfolio-Accueil-2048x1157.jpg 2048w\" sizes=\"(max-width: 2560px) 100vw, 2560px\" \/>\t\t\t\t\t\t\t\t\t\t\t\t\t\t\t<\/div>\n\t\t\t\t<\/div>\n\t\t\t\t<\/div>\n\t\t<div class=\"elementor-element elementor-element-f397ebb e-flex e-con-boxed e-con e-parent\" data-id=\"f397ebb\" data-element_type=\"container\">\n\t\t\t\t\t<div class=\"e-con-inner\">\n\t\t\t\t<div class=\"elementor-element elementor-element-0a60af7 elementor-widget elementor-widget-heading\" data-id=\"0a60af7\" data-element_type=\"widget\" data-widget_type=\"heading.default\">\n\t\t\t\t<div class=\"elementor-widget-container\">\n\t\t\t\t\t<h2 class=\"elementor-heading-title elementor-size-default\">Cuv\u00e9e W<\/h2>\t\t\t\t<\/div>\n\t\t\t\t<\/div>\n\t\t\t\t<div class=\"elementor-element elementor-element-2c15cbe elementor-widget elementor-widget-text-editor\" data-id=\"2c15cbe\" data-element_type=\"widget\" data-widget_type=\"text-editor.default\">\n\t\t\t\t<div class=\"elementor-widget-container\">\n\t\t\t\t\t\t\t\t\t<p>Cr\u00e9ation d\u2019une \u00e9tiquette pour la cuv\u00e9e \u00ab W \u00bb de Thibaut Li\u00e9nard, en hommage \u00e0 sa femme, refl\u00e9tant authenticit\u00e9, terroir, passion et partage. Le visuel s\u2019inspire des courbes du sol de Provence et des symboles embl\u00e9matiques de la r\u00e9gion, avec une lettre W stylis\u00e9e et une palette de couleurs chaudes en harmonie avec le ros\u00e9. J\u2019ai \u00e9galement con\u00e7u des annonces print et Instagram pour promouvoir la nouvelle bouteille, <strong>choisie comme second design par le vigneron<\/strong>.<\/p>\t\t\t\t\t\t\t\t<\/div>\n\t\t\t\t<\/div>\n\t\t\t\t\t<\/div>\n\t\t\t\t<\/div>\n\t\t<div class=\"elementor-element elementor-element-a0d57c4 e-flex e-con-boxed e-con e-parent\" data-id=\"a0d57c4\" data-element_type=\"container\">\n\t\t\t\t\t<div class=\"e-con-inner\">\n\t\t\t\t<div class=\"elementor-element elementor-element-e0efcbb elementor-widget elementor-widget-image\" data-id=\"e0efcbb\" data-element_type=\"widget\" data-widget_type=\"image.default\">\n\t\t\t\t<div class=\"elementor-widget-container\">\n\t\t\t\t\t\t\t\t\t\t\t\t\t\t\t<img decoding=\"async\" width=\"1024\" height=\"635\" src=\"https:\/\/leanepdv.com\/wp-content\/uploads\/2025\/10\/Mockup1-Vin-1024x635.jpg\" class=\"attachment-large size-large wp-image-649\" alt=\"\" srcset=\"https:\/\/leanepdv.com\/wp-content\/uploads\/2025\/10\/Mockup1-Vin-1024x635.jpg 1024w, https:\/\/leanepdv.com\/wp-content\/uploads\/2025\/10\/Mockup1-Vin-300x186.jpg 300w, https:\/\/leanepdv.com\/wp-content\/uploads\/2025\/10\/Mockup1-Vin-768x476.jpg 768w, https:\/\/leanepdv.com\/wp-content\/uploads\/2025\/10\/Mockup1-Vin-1536x952.jpg 1536w, https:\/\/leanepdv.com\/wp-content\/uploads\/2025\/10\/Mockup1-Vin-2048x1270.jpg 2048w\" sizes=\"(max-width: 1024px) 100vw, 1024px\" \/>\t\t\t\t\t\t\t\t\t\t\t\t\t\t\t<\/div>\n\t\t\t\t<\/div>\n\t\t\t\t\t<\/div>\n\t\t\t\t<\/div>\n\t\t<div class=\"elementor-element elementor-element-a39b205 e-flex e-con-boxed e-con e-parent\" data-id=\"a39b205\" data-element_type=\"container\">\n\t\t\t\t\t<div class=\"e-con-inner\">\n\t\t\t\t<div class=\"elementor-element elementor-element-ccf0c9e elementor-widget elementor-widget-image\" data-id=\"ccf0c9e\" data-element_type=\"widget\" data-widget_type=\"image.default\">\n\t\t\t\t<div class=\"elementor-widget-container\">\n\t\t\t\t\t\t\t\t\t\t\t\t\t\t\t<img decoding=\"async\" width=\"1024\" height=\"924\" src=\"https:\/\/leanepdv.com\/wp-content\/uploads\/2025\/10\/ART-1024x924.jpg\" class=\"attachment-large size-large wp-image-652\" alt=\"\" srcset=\"https:\/\/leanepdv.com\/wp-content\/uploads\/2025\/10\/ART-1024x924.jpg 1024w, https:\/\/leanepdv.com\/wp-content\/uploads\/2025\/10\/ART-300x271.jpg 300w, https:\/\/leanepdv.com\/wp-content\/uploads\/2025\/10\/ART-768x693.jpg 768w, https:\/\/leanepdv.com\/wp-content\/uploads\/2025\/10\/ART-1536x1386.jpg 1536w, https:\/\/leanepdv.com\/wp-content\/uploads\/2025\/10\/ART.jpg 1701w\" sizes=\"(max-width: 1024px) 100vw, 1024px\" \/>\t\t\t\t\t\t\t\t\t\t\t\t\t\t\t<\/div>\n\t\t\t\t<\/div>\n\t\t\t\t\t<\/div>\n\t\t\t\t<\/div>\n\t\t<div class=\"elementor-element elementor-element-f8d402e e-flex e-con-boxed e-con e-parent\" data-id=\"f8d402e\" data-element_type=\"container\">\n\t\t\t\t\t<div class=\"e-con-inner\">\n\t\t\t\t<div class=\"elementor-element elementor-element-8f6e478 elementor-widget elementor-widget-image\" data-id=\"8f6e478\" data-element_type=\"widget\" data-widget_type=\"image.default\">\n\t\t\t\t<div class=\"elementor-widget-container\">\n\t\t\t\t\t\t\t\t\t\t\t\t\t\t\t<img loading=\"lazy\" decoding=\"async\" width=\"555\" height=\"591\" src=\"https:\/\/leanepdv.com\/wp-content\/uploads\/2025\/10\/Teas.jpg\" class=\"attachment-large size-large wp-image-653\" alt=\"\" srcset=\"https:\/\/leanepdv.com\/wp-content\/uploads\/2025\/10\/Teas.jpg 555w, https:\/\/leanepdv.com\/wp-content\/uploads\/2025\/10\/Teas-282x300.jpg 282w\" sizes=\"(max-width: 555px) 100vw, 555px\" \/>\t\t\t\t\t\t\t\t\t\t\t\t\t\t\t<\/div>\n\t\t\t\t<\/div>\n\t\t\t\t\t<\/div>\n\t\t\t\t<\/div>\n\t\t<div class=\"elementor-element elementor-element-6253c7f e-flex e-con-boxed e-con e-parent\" data-id=\"6253c7f\" data-element_type=\"container\">\n\t\t\t\t\t<div class=\"e-con-inner\">\n\t\t<div class=\"elementor-element elementor-element-8b0b486 e-con-full e-flex e-con e-child\" data-id=\"8b0b486\" data-element_type=\"container\">\n\t\t\t\t<div class=\"elementor-element elementor-element-106702d elementor-widget elementor-widget-image\" data-id=\"106702d\" data-element_type=\"widget\" data-widget_type=\"image.default\">\n\t\t\t\t<div class=\"elementor-widget-container\">\n\t\t\t\t\t\t\t\t\t\t\t\t\t\t\t<img loading=\"lazy\" decoding=\"async\" width=\"2560\" height=\"2560\" src=\"https:\/\/leanepdv.com\/wp-content\/uploads\/2025\/10\/Sans-titre-1-scaled.jpg\" class=\"attachment-full size-full wp-image-650\" alt=\"\" srcset=\"https:\/\/leanepdv.com\/wp-content\/uploads\/2025\/10\/Sans-titre-1-scaled.jpg 2560w, https:\/\/leanepdv.com\/wp-content\/uploads\/2025\/10\/Sans-titre-1-300x300.jpg 300w, https:\/\/leanepdv.com\/wp-content\/uploads\/2025\/10\/Sans-titre-1-1024x1024.jpg 1024w, https:\/\/leanepdv.com\/wp-content\/uploads\/2025\/10\/Sans-titre-1-150x150.jpg 150w, https:\/\/leanepdv.com\/wp-content\/uploads\/2025\/10\/Sans-titre-1-768x768.jpg 768w, https:\/\/leanepdv.com\/wp-content\/uploads\/2025\/10\/Sans-titre-1-1536x1536.jpg 1536w, https:\/\/leanepdv.com\/wp-content\/uploads\/2025\/10\/Sans-titre-1-2048x2048.jpg 2048w\" sizes=\"(max-width: 2560px) 100vw, 2560px\" \/>\t\t\t\t\t\t\t\t\t\t\t\t\t\t\t<\/div>\n\t\t\t\t<\/div>\n\t\t\t\t<\/div>\n\t\t<div class=\"elementor-element elementor-element-1f1f49c e-con-full e-flex e-con e-child\" data-id=\"1f1f49c\" data-element_type=\"container\">\n\t\t\t\t<div class=\"elementor-element elementor-element-7de8256 elementor-widget elementor-widget-image\" data-id=\"7de8256\" data-element_type=\"widget\" data-widget_type=\"image.default\">\n\t\t\t\t<div class=\"elementor-widget-container\">\n\t\t\t\t\t\t\t\t\t\t\t\t\t\t\t<img loading=\"lazy\" decoding=\"async\" width=\"2560\" height=\"2560\" src=\"https:\/\/leanepdv.com\/wp-content\/uploads\/2025\/10\/Sans-titre-2-scaled.jpg\" class=\"attachment-full size-full wp-image-651\" alt=\"\" srcset=\"https:\/\/leanepdv.com\/wp-content\/uploads\/2025\/10\/Sans-titre-2-scaled.jpg 2560w, https:\/\/leanepdv.com\/wp-content\/uploads\/2025\/10\/Sans-titre-2-300x300.jpg 300w, https:\/\/leanepdv.com\/wp-content\/uploads\/2025\/10\/Sans-titre-2-1024x1024.jpg 1024w, https:\/\/leanepdv.com\/wp-content\/uploads\/2025\/10\/Sans-titre-2-150x150.jpg 150w, https:\/\/leanepdv.com\/wp-content\/uploads\/2025\/10\/Sans-titre-2-768x768.jpg 768w, https:\/\/leanepdv.com\/wp-content\/uploads\/2025\/10\/Sans-titre-2-1536x1536.jpg 1536w, https:\/\/leanepdv.com\/wp-content\/uploads\/2025\/10\/Sans-titre-2-2048x2048.jpg 2048w\" sizes=\"(max-width: 2560px) 100vw, 2560px\" \/>\t\t\t\t\t\t\t\t\t\t\t\t\t\t\t<\/div>\n\t\t\t\t<\/div>\n\t\t\t\t<\/div>\n\t\t\t\t\t<\/div>\n\t\t\t\t<\/div>\n\t\t<div class=\"elementor-element elementor-element-88b4911 e-flex e-con-boxed e-con e-parent\" data-id=\"88b4911\" data-element_type=\"container\">\n\t\t\t\t\t<div class=\"e-con-inner\">\n\t\t<div class=\"elementor-element elementor-element-2389ef8 e-con-full e-flex e-con e-child\" data-id=\"2389ef8\" data-element_type=\"container\">\n\t\t\t\t<div class=\"elementor-element elementor-element-bf37128 elementor-widget elementor-widget-image\" data-id=\"bf37128\" data-element_type=\"widget\" data-widget_type=\"image.default\">\n\t\t\t\t<div class=\"elementor-widget-container\">\n\t\t\t\t\t\t\t\t\t\t\t\t\t\t\t<img loading=\"lazy\" decoding=\"async\" width=\"874\" height=\"1556\" src=\"https:\/\/leanepdv.com\/wp-content\/uploads\/2025\/06\/Insta.png\" class=\"attachment-full size-full wp-image-495\" alt=\"\" srcset=\"https:\/\/leanepdv.com\/wp-content\/uploads\/2025\/06\/Insta.png 874w, https:\/\/leanepdv.com\/wp-content\/uploads\/2025\/06\/Insta-169x300.png 169w, https:\/\/leanepdv.com\/wp-content\/uploads\/2025\/06\/Insta-575x1024.png 575w, https:\/\/leanepdv.com\/wp-content\/uploads\/2025\/06\/Insta-768x1367.png 768w, https:\/\/leanepdv.com\/wp-content\/uploads\/2025\/06\/Insta-863x1536.png 863w\" sizes=\"(max-width: 874px) 100vw, 874px\" \/>\t\t\t\t\t\t\t\t\t\t\t\t\t\t\t<\/div>\n\t\t\t\t<\/div>\n\t\t\t\t<\/div>\n\t\t\t\t\t<\/div>\n\t\t\t\t<\/div>\n\t\t\t\t<\/div>\n\t\t","protected":false},"excerpt":{"rendered":"<p>Cuv\u00e9e W Cr\u00e9ation d\u2019une \u00e9tiquette pour la cuv\u00e9e \u00ab W \u00bb de Thibaut Li\u00e9nard, en hommage \u00e0 sa femme, refl\u00e9tant [&hellip;]<\/p>\n","protected":false},"author":1,"featured_media":0,"parent":0,"menu_order":0,"comment_status":"closed","ping_status":"closed","template":"","meta":{"site-sidebar-layout":"no-sidebar","site-content-layout":"","ast-site-content-layout":"full-width-container","site-content-style":"default","site-sidebar-style":"default","ast-global-header-display":"","ast-banner-title-visibility":"","ast-main-header-display":"","ast-hfb-above-header-display":"","ast-hfb-below-header-display":"","ast-hfb-mobile-header-display":"","site-post-title":"disabled","ast-breadcrumbs-content":"","ast-featured-img":"disabled","footer-sml-layout":"","theme-transparent-header-meta":"","adv-header-id-meta":"","stick-header-meta":"","header-above-stick-meta":"","header-main-stick-meta":"","header-below-stick-meta":"","astra-migrate-meta-layouts":"default","ast-page-background-enabled":"default","ast-page-background-meta":{"desktop":{"background-color":"var(--ast-global-color-5)","background-image":"","background-repeat":"repeat","background-position":"center center","background-size":"auto","background-attachment":"scroll","background-type":"","background-media":"","overlay-type":"","overlay-color":"","overlay-opacity":"","overlay-gradient":""},"tablet":{"background-color":"","background-image":"","background-repeat":"repeat","background-position":"center center","background-size":"auto","background-attachment":"scroll","background-type":"","background-media":"","overlay-type":"","overlay-color":"","overlay-opacity":"","overlay-gradient":""},"mobile":{"background-color":"","background-image":"","background-repeat":"repeat","background-position":"center center","background-size":"auto","background-attachment":"scroll","background-type":"","background-media":"","overlay-type":"","overlay-color":"","overlay-opacity":"","overlay-gradient":""}},"ast-content-background-meta":{"desktop":{"background-color":"var(--ast-global-color-4)","background-image":"","background-repeat":"repeat","background-position":"center center","background-size":"auto","background-attachment":"scroll","background-type":"","background-media":"","overlay-type":"","overlay-color":"","overlay-opacity":"","overlay-gradient":""},"tablet":{"background-color":"var(--ast-global-color-4)","background-image":"","background-repeat":"repeat","background-position":"center center","background-size":"auto","background-attachment":"scroll","background-type":"","background-media":"","overlay-type":"","overlay-color":"","overlay-opacity":"","overlay-gradient":""},"mobile":{"background-color":"var(--ast-global-color-4)","background-image":"","background-repeat":"repeat","background-position":"center center","background-size":"auto","background-attachment":"scroll","background-type":"","background-media":"","overlay-type":"","overlay-color":"","overlay-opacity":"","overlay-gradient":""}},"footnotes":""},"class_list":["post-274","page","type-page","status-publish","hentry"],"_links":{"self":[{"href":"https:\/\/leanepdv.com\/index.php?rest_route=\/wp\/v2\/pages\/274","targetHints":{"allow":["GET"]}}],"collection":[{"href":"https:\/\/leanepdv.com\/index.php?rest_route=\/wp\/v2\/pages"}],"about":[{"href":"https:\/\/leanepdv.com\/index.php?rest_route=\/wp\/v2\/types\/page"}],"author":[{"embeddable":true,"href":"https:\/\/leanepdv.com\/index.php?rest_route=\/wp\/v2\/users\/1"}],"replies":[{"embeddable":true,"href":"https:\/\/leanepdv.com\/index.php?rest_route=%2Fwp%2Fv2%2Fcomments&post=274"}],"version-history":[{"count":43,"href":"https:\/\/leanepdv.com\/index.php?rest_route=\/wp\/v2\/pages\/274\/revisions"}],"predecessor-version":[{"id":912,"href":"https:\/\/leanepdv.com\/index.php?rest_route=\/wp\/v2\/pages\/274\/revisions\/912"}],"wp:attachment":[{"href":"https:\/\/leanepdv.com\/index.php?rest_route=%2Fwp%2Fv2%2Fmedia&parent=274"}],"curies":[{"name":"wp","href":"https:\/\/api.w.org\/{rel}","templated":true}]}}