{"id":287,"date":"2025-06-02T16:42:18","date_gmt":"2025-06-02T16:42:18","guid":{"rendered":"https:\/\/leanepdv.com\/?page_id=287"},"modified":"2026-01-15T21:22:27","modified_gmt":"2026-01-15T21:22:27","slug":"espace-gallo-romain","status":"publish","type":"page","link":"https:\/\/leanepdv.com\/?page_id=287","title":{"rendered":"Pause Num\u00e9rique"},"content":{"rendered":"\t\t<div data-elementor-type=\"wp-page\" data-elementor-id=\"287\" class=\"elementor elementor-287\" data-elementor-post-type=\"page\">\n\t\t\t\t<div class=\"elementor-element elementor-element-ef52f2b e-con-full e-flex e-con e-parent\" data-id=\"ef52f2b\" data-element_type=\"container\" data-settings=\"{&quot;background_background&quot;:&quot;classic&quot;}\">\n\t\t\t\t<div class=\"elementor-element elementor-element-0a07cae elementor-widget elementor-widget-image\" data-id=\"0a07cae\" data-element_type=\"widget\" data-widget_type=\"image.default\">\n\t\t\t\t<div class=\"elementor-widget-container\">\n\t\t\t\t\t\t\t\t\t\t\t\t\t\t\t<img fetchpriority=\"high\" decoding=\"async\" width=\"2560\" height=\"1446\" src=\"https:\/\/leanepdv.com\/wp-content\/uploads\/2025\/10\/TempletPortfolio-3-scaled.jpg\" class=\"attachment-full size-full wp-image-740\" alt=\"\" srcset=\"https:\/\/leanepdv.com\/wp-content\/uploads\/2025\/10\/TempletPortfolio-3-scaled.jpg 2560w, https:\/\/leanepdv.com\/wp-content\/uploads\/2025\/10\/TempletPortfolio-3-300x169.jpg 300w, https:\/\/leanepdv.com\/wp-content\/uploads\/2025\/10\/TempletPortfolio-3-1024x578.jpg 1024w, https:\/\/leanepdv.com\/wp-content\/uploads\/2025\/10\/TempletPortfolio-3-768x434.jpg 768w, https:\/\/leanepdv.com\/wp-content\/uploads\/2025\/10\/TempletPortfolio-3-1536x868.jpg 1536w, https:\/\/leanepdv.com\/wp-content\/uploads\/2025\/10\/TempletPortfolio-3-2048x1157.jpg 2048w\" sizes=\"(max-width: 2560px) 100vw, 2560px\" \/>\t\t\t\t\t\t\t\t\t\t\t\t\t\t\t<\/div>\n\t\t\t\t<\/div>\n\t\t\t\t<\/div>\n\t\t<div class=\"elementor-element elementor-element-71cc99e e-flex e-con-boxed e-con e-parent\" data-id=\"71cc99e\" data-element_type=\"container\">\n\t\t\t\t\t<div class=\"e-con-inner\">\n\t\t\t\t<div class=\"elementor-element elementor-element-c1aaa5e elementor-widget elementor-widget-heading\" data-id=\"c1aaa5e\" data-element_type=\"widget\" data-widget_type=\"heading.default\">\n\t\t\t\t<div class=\"elementor-widget-container\">\n\t\t\t\t\t<h2 class=\"elementor-heading-title elementor-size-default\">Pause Num\u00e9rique Digital Wallonia<\/h2>\t\t\t\t<\/div>\n\t\t\t\t<\/div>\n\t\t\t\t<div class=\"elementor-element elementor-element-e09c17e elementor-widget elementor-widget-text-editor\" data-id=\"e09c17e\" data-element_type=\"widget\" data-widget_type=\"text-editor.default\">\n\t\t\t\t<div class=\"elementor-widget-container\">\n\t\t\t\t\t\t\t\t\t<p>La campagne \u201cPause Num\u00e9rique\u201d de Digital Wallonia vise \u00e0 sensibiliser les jeunes aux effets d\u2019un usage excessif des \u00e9crans en valorisant les bienfaits d\u2019une pause digitale. Cette campagne print et digitale, \u00e0 la fois humoristique et percutante, se base sur un concept fort imagin\u00e9 : si les grands personnages du pass\u00e9 avaient pass\u00e9 leur temps sur les \u00e9crans, ils n\u2019auraient pas pu accomplir leurs \u0153uvres majeures, soulignant l\u2019importance de se d\u00e9connecter pour se concentrer et cr\u00e9er.<\/p>\t\t\t\t\t\t\t\t<\/div>\n\t\t\t\t<\/div>\n\t\t\t\t\t<\/div>\n\t\t\t\t<\/div>\n\t\t<div class=\"elementor-element elementor-element-96890f8 e-flex e-con-boxed e-con e-parent\" data-id=\"96890f8\" data-element_type=\"container\">\n\t\t\t\t\t<div class=\"e-con-inner\">\n\t\t<div class=\"elementor-element elementor-element-5e087ec e-con-full e-flex e-con e-child\" data-id=\"5e087ec\" data-element_type=\"container\">\n\t\t\t\t<div class=\"elementor-element elementor-element-95957c5 elementor-widget elementor-widget-image\" data-id=\"95957c5\" data-element_type=\"widget\" data-widget_type=\"image.default\">\n\t\t\t\t<div class=\"elementor-widget-container\">\n\t\t\t\t\t\t\t\t\t\t\t\t\t\t\t<img decoding=\"async\" width=\"849\" height=\"1250\" src=\"https:\/\/leanepdv.com\/wp-content\/uploads\/2025\/10\/PN-1bis-1.jpg\" class=\"attachment-full size-full wp-image-867\" alt=\"\" srcset=\"https:\/\/leanepdv.com\/wp-content\/uploads\/2025\/10\/PN-1bis-1.jpg 849w, https:\/\/leanepdv.com\/wp-content\/uploads\/2025\/10\/PN-1bis-1-204x300.jpg 204w, https:\/\/leanepdv.com\/wp-content\/uploads\/2025\/10\/PN-1bis-1-696x1024.jpg 696w, https:\/\/leanepdv.com\/wp-content\/uploads\/2025\/10\/PN-1bis-1-768x1131.jpg 768w\" sizes=\"(max-width: 849px) 100vw, 849px\" \/>\t\t\t\t\t\t\t\t\t\t\t\t\t\t\t<\/div>\n\t\t\t\t<\/div>\n\t\t\t\t<\/div>\n\t\t<div class=\"elementor-element elementor-element-660594d e-con-full e-flex e-con e-child\" data-id=\"660594d\" data-element_type=\"container\">\n\t\t\t\t<div class=\"elementor-element elementor-element-e826b30 elementor-widget elementor-widget-image\" data-id=\"e826b30\" data-element_type=\"widget\" data-widget_type=\"image.default\">\n\t\t\t\t<div class=\"elementor-widget-container\">\n\t\t\t\t\t\t\t\t\t\t\t\t\t\t\t<img decoding=\"async\" width=\"696\" height=\"1024\" src=\"https:\/\/leanepdv.com\/wp-content\/uploads\/2025\/10\/PN-2bis-696x1024.jpg\" class=\"attachment-large size-large wp-image-868\" alt=\"\" srcset=\"https:\/\/leanepdv.com\/wp-content\/uploads\/2025\/10\/PN-2bis-696x1024.jpg 696w, https:\/\/leanepdv.com\/wp-content\/uploads\/2025\/10\/PN-2bis-204x300.jpg 204w, https:\/\/leanepdv.com\/wp-content\/uploads\/2025\/10\/PN-2bis-768x1131.jpg 768w, https:\/\/leanepdv.com\/wp-content\/uploads\/2025\/10\/PN-2bis.jpg 849w\" sizes=\"(max-width: 696px) 100vw, 696px\" \/>\t\t\t\t\t\t\t\t\t\t\t\t\t\t\t<\/div>\n\t\t\t\t<\/div>\n\t\t\t\t<\/div>\n\t\t\t\t\t<\/div>\n\t\t\t\t<\/div>\n\t\t<div class=\"elementor-element elementor-element-da53dff e-flex e-con-boxed e-con e-parent\" data-id=\"da53dff\" data-element_type=\"container\">\n\t\t\t\t\t<div class=\"e-con-inner\">\n\t\t\t\t<div class=\"elementor-element elementor-element-09fa3c5 elementor-widget elementor-widget-image\" data-id=\"09fa3c5\" data-element_type=\"widget\" data-widget_type=\"image.default\">\n\t\t\t\t<div class=\"elementor-widget-container\">\n\t\t\t\t\t\t\t\t\t\t\t\t\t\t\t<img loading=\"lazy\" decoding=\"async\" width=\"2113\" height=\"422\" src=\"https:\/\/leanepdv.com\/wp-content\/uploads\/2025\/10\/PN-3bis.jpg\" class=\"attachment-full size-full wp-image-873\" alt=\"\" srcset=\"https:\/\/leanepdv.com\/wp-content\/uploads\/2025\/10\/PN-3bis.jpg 2113w, https:\/\/leanepdv.com\/wp-content\/uploads\/2025\/10\/PN-3bis-300x60.jpg 300w, https:\/\/leanepdv.com\/wp-content\/uploads\/2025\/10\/PN-3bis-1024x205.jpg 1024w, https:\/\/leanepdv.com\/wp-content\/uploads\/2025\/10\/PN-3bis-768x153.jpg 768w, https:\/\/leanepdv.com\/wp-content\/uploads\/2025\/10\/PN-3bis-1536x307.jpg 1536w, https:\/\/leanepdv.com\/wp-content\/uploads\/2025\/10\/PN-3bis-2048x409.jpg 2048w\" sizes=\"(max-width: 2113px) 100vw, 2113px\" \/>\t\t\t\t\t\t\t\t\t\t\t\t\t\t\t<\/div>\n\t\t\t\t<\/div>\n\t\t\t\t\t<\/div>\n\t\t\t\t<\/div>\n\t\t<div class=\"elementor-element elementor-element-f9a68f8 e-flex e-con-boxed e-con e-parent\" data-id=\"f9a68f8\" data-element_type=\"container\">\n\t\t\t\t\t<div class=\"e-con-inner\">\n\t\t\t\t<div class=\"elementor-element elementor-element-3af79d2 elementor-widget elementor-widget-image\" data-id=\"3af79d2\" data-element_type=\"widget\" data-widget_type=\"image.default\">\n\t\t\t\t<div class=\"elementor-widget-container\">\n\t\t\t\t\t\t\t\t\t\t\t\t\t\t\t<img loading=\"lazy\" decoding=\"async\" width=\"2113\" height=\"1158\" src=\"https:\/\/leanepdv.com\/wp-content\/uploads\/2025\/10\/PN-4bis-1.jpg\" class=\"attachment-full size-full wp-image-880\" alt=\"\" srcset=\"https:\/\/leanepdv.com\/wp-content\/uploads\/2025\/10\/PN-4bis-1.jpg 2113w, https:\/\/leanepdv.com\/wp-content\/uploads\/2025\/10\/PN-4bis-1-300x164.jpg 300w, https:\/\/leanepdv.com\/wp-content\/uploads\/2025\/10\/PN-4bis-1-1024x561.jpg 1024w, https:\/\/leanepdv.com\/wp-content\/uploads\/2025\/10\/PN-4bis-1-768x421.jpg 768w, https:\/\/leanepdv.com\/wp-content\/uploads\/2025\/10\/PN-4bis-1-1536x842.jpg 1536w, https:\/\/leanepdv.com\/wp-content\/uploads\/2025\/10\/PN-4bis-1-2048x1122.jpg 2048w\" sizes=\"(max-width: 2113px) 100vw, 2113px\" \/>\t\t\t\t\t\t\t\t\t\t\t\t\t\t\t<\/div>\n\t\t\t\t<\/div>\n\t\t\t\t\t<\/div>\n\t\t\t\t<\/div>\n\t\t<div class=\"elementor-element elementor-element-c549d48 e-flex e-con-boxed e-con e-parent\" data-id=\"c549d48\" data-element_type=\"container\">\n\t\t\t\t\t<div class=\"e-con-inner\">\n\t\t<div class=\"elementor-element elementor-element-f667b69 e-con-full e-flex e-con e-child\" data-id=\"f667b69\" data-element_type=\"container\">\n\t\t\t\t<div class=\"elementor-element elementor-element-fdc184c elementor-widget elementor-widget-image\" data-id=\"fdc184c\" data-element_type=\"widget\" data-widget_type=\"image.default\">\n\t\t\t\t<div class=\"elementor-widget-container\">\n\t\t\t\t\t\t\t\t\t\t\t\t\t\t\t<img loading=\"lazy\" decoding=\"async\" width=\"2084\" height=\"2084\" src=\"https:\/\/leanepdv.com\/wp-content\/uploads\/2025\/10\/Insta-1.png\" class=\"attachment-full size-full wp-image-745\" alt=\"\" srcset=\"https:\/\/leanepdv.com\/wp-content\/uploads\/2025\/10\/Insta-1.png 2084w, https:\/\/leanepdv.com\/wp-content\/uploads\/2025\/10\/Insta-1-300x300.png 300w, https:\/\/leanepdv.com\/wp-content\/uploads\/2025\/10\/Insta-1-1024x1024.png 1024w, https:\/\/leanepdv.com\/wp-content\/uploads\/2025\/10\/Insta-1-150x150.png 150w, https:\/\/leanepdv.com\/wp-content\/uploads\/2025\/10\/Insta-1-768x768.png 768w, https:\/\/leanepdv.com\/wp-content\/uploads\/2025\/10\/Insta-1-1536x1536.png 1536w, https:\/\/leanepdv.com\/wp-content\/uploads\/2025\/10\/Insta-1-2048x2048.png 2048w\" sizes=\"(max-width: 2084px) 100vw, 2084px\" \/>\t\t\t\t\t\t\t\t\t\t\t\t\t\t\t<\/div>\n\t\t\t\t<\/div>\n\t\t\t\t<\/div>\n\t\t<div class=\"elementor-element elementor-element-c04c34a e-con-full e-flex e-con e-child\" data-id=\"c04c34a\" data-element_type=\"container\">\n\t\t\t\t<div class=\"elementor-element elementor-element-f87333a elementor-widget elementor-widget-image\" data-id=\"f87333a\" data-element_type=\"widget\" data-widget_type=\"image.default\">\n\t\t\t\t<div class=\"elementor-widget-container\">\n\t\t\t\t\t\t\t\t\t\t\t\t\t\t\t<img loading=\"lazy\" decoding=\"async\" width=\"2084\" height=\"2084\" src=\"https:\/\/leanepdv.com\/wp-content\/uploads\/2025\/10\/Insta.png\" class=\"attachment-full size-full wp-image-749\" alt=\"\" srcset=\"https:\/\/leanepdv.com\/wp-content\/uploads\/2025\/10\/Insta.png 2084w, https:\/\/leanepdv.com\/wp-content\/uploads\/2025\/10\/Insta-300x300.png 300w, https:\/\/leanepdv.com\/wp-content\/uploads\/2025\/10\/Insta-1024x1024.png 1024w, https:\/\/leanepdv.com\/wp-content\/uploads\/2025\/10\/Insta-150x150.png 150w, https:\/\/leanepdv.com\/wp-content\/uploads\/2025\/10\/Insta-768x768.png 768w, https:\/\/leanepdv.com\/wp-content\/uploads\/2025\/10\/Insta-1536x1536.png 1536w, https:\/\/leanepdv.com\/wp-content\/uploads\/2025\/10\/Insta-2048x2048.png 2048w\" sizes=\"(max-width: 2084px) 100vw, 2084px\" \/>\t\t\t\t\t\t\t\t\t\t\t\t\t\t\t<\/div>\n\t\t\t\t<\/div>\n\t\t\t\t<\/div>\n\t\t\t\t\t<\/div>\n\t\t\t\t<\/div>\n\t\t<div class=\"elementor-element elementor-element-de7362c e-flex e-con-boxed e-con e-parent\" data-id=\"de7362c\" data-element_type=\"container\">\n\t\t\t\t\t<div class=\"e-con-inner\">\n\t\t\t\t<div class=\"elementor-element elementor-element-cec2b2e elementor-widget elementor-widget-video\" data-id=\"cec2b2e\" data-element_type=\"widget\" data-settings=\"{&quot;video_type&quot;:&quot;hosted&quot;,&quot;controls&quot;:&quot;yes&quot;}\" data-widget_type=\"video.default\">\n\t\t\t\t<div class=\"elementor-widget-container\">\n\t\t\t\t\t\t\t<div class=\"e-hosted-video elementor-wrapper elementor-open-inline\">\n\t\t\t\t\t<video class=\"elementor-video\" src=\"https:\/\/leanepdv.com\/wp-content\/uploads\/2025\/10\/Reel-insta.mp4\" controls=\"\" preload=\"metadata\" controlsList=\"nodownload\"><\/video>\n\t\t\t\t<\/div>\n\t\t\t\t\t\t<\/div>\n\t\t\t\t<\/div>\n\t\t\t\t\t<\/div>\n\t\t\t\t<\/div>\n\t\t\t\t<\/div>\n\t\t","protected":false},"excerpt":{"rendered":"<p>Pause Num\u00e9rique Digital Wallonia La campagne \u201cPause Num\u00e9rique\u201d de Digital Wallonia vise \u00e0 sensibiliser les jeunes aux effets d\u2019un usage [&hellip;]<\/p>\n","protected":false},"author":1,"featured_media":0,"parent":0,"menu_order":0,"comment_status":"closed","ping_status":"closed","template":"","meta":{"site-sidebar-layout":"no-sidebar","site-content-layout":"","ast-site-content-layout":"full-width-container","site-content-style":"default","site-sidebar-style":"default","ast-global-header-display":"","ast-banner-title-visibility":"","ast-main-header-display":"","ast-hfb-above-header-display":"","ast-hfb-below-header-display":"","ast-hfb-mobile-header-display":"","site-post-title":"disabled","ast-breadcrumbs-content":"","ast-featured-img":"disabled","footer-sml-layout":"","theme-transparent-header-meta":"","adv-header-id-meta":"","stick-header-meta":"","header-above-stick-meta":"","header-main-stick-meta":"","header-below-stick-meta":"","astra-migrate-meta-layouts":"default","ast-page-background-enabled":"default","ast-page-background-meta":{"desktop":{"background-color":"var(--ast-global-color-5)","background-image":"","background-repeat":"repeat","background-position":"center center","background-size":"auto","background-attachment":"scroll","background-type":"","background-media":"","overlay-type":"","overlay-color":"","overlay-opacity":"","overlay-gradient":""},"tablet":{"background-color":"","background-image":"","background-repeat":"repeat","background-position":"center center","background-size":"auto","background-attachment":"scroll","background-type":"","background-media":"","overlay-type":"","overlay-color":"","overlay-opacity":"","overlay-gradient":""},"mobile":{"background-color":"","background-image":"","background-repeat":"repeat","background-position":"center center","background-size":"auto","background-attachment":"scroll","background-type":"","background-media":"","overlay-type":"","overlay-color":"","overlay-opacity":"","overlay-gradient":""}},"ast-content-background-meta":{"desktop":{"background-color":"var(--ast-global-color-4)","background-image":"","background-repeat":"repeat","background-position":"center center","background-size":"auto","background-attachment":"scroll","background-type":"","background-media":"","overlay-type":"","overlay-color":"","overlay-opacity":"","overlay-gradient":""},"tablet":{"background-color":"var(--ast-global-color-4)","background-image":"","background-repeat":"repeat","background-position":"center center","background-size":"auto","background-attachment":"scroll","background-type":"","background-media":"","overlay-type":"","overlay-color":"","overlay-opacity":"","overlay-gradient":""},"mobile":{"background-color":"var(--ast-global-color-4)","background-image":"","background-repeat":"repeat","background-position":"center center","background-size":"auto","background-attachment":"scroll","background-type":"","background-media":"","overlay-type":"","overlay-color":"","overlay-opacity":"","overlay-gradient":""}},"footnotes":""},"class_list":["post-287","page","type-page","status-publish","hentry"],"_links":{"self":[{"href":"https:\/\/leanepdv.com\/index.php?rest_route=\/wp\/v2\/pages\/287","targetHints":{"allow":["GET"]}}],"collection":[{"href":"https:\/\/leanepdv.com\/index.php?rest_route=\/wp\/v2\/pages"}],"about":[{"href":"https:\/\/leanepdv.com\/index.php?rest_route=\/wp\/v2\/types\/page"}],"author":[{"embeddable":true,"href":"https:\/\/leanepdv.com\/index.php?rest_route=\/wp\/v2\/users\/1"}],"replies":[{"embeddable":true,"href":"https:\/\/leanepdv.com\/index.php?rest_route=%2Fwp%2Fv2%2Fcomments&post=287"}],"version-history":[{"count":83,"href":"https:\/\/leanepdv.com\/index.php?rest_route=\/wp\/v2\/pages\/287\/revisions"}],"predecessor-version":[{"id":986,"href":"https:\/\/leanepdv.com\/index.php?rest_route=\/wp\/v2\/pages\/287\/revisions\/986"}],"wp:attachment":[{"href":"https:\/\/leanepdv.com\/index.php?rest_route=%2Fwp%2Fv2%2Fmedia&parent=287"}],"curies":[{"name":"wp","href":"https:\/\/api.w.org\/{rel}","templated":true}]}}