{"id":38,"date":"2025-05-27T12:11:52","date_gmt":"2025-05-27T12:11:52","guid":{"rendered":"https:\/\/leanepdv.com\/?page_id=38"},"modified":"2025-10-16T17:08:51","modified_gmt":"2025-10-16T17:08:51","slug":"a-propos","status":"publish","type":"page","link":"https:\/\/leanepdv.com\/?page_id=38","title":{"rendered":"\u00c0 propos"},"content":{"rendered":"\t\t<div data-elementor-type=\"wp-page\" data-elementor-id=\"38\" class=\"elementor elementor-38\" data-elementor-post-type=\"page\">\n\t\t\t\t<div class=\"elementor-element elementor-element-31bf930 e-flex e-con-boxed e-con e-parent\" data-id=\"31bf930\" data-element_type=\"container\">\n\t\t\t\t\t<div class=\"e-con-inner\">\n\t\t<div class=\"elementor-element elementor-element-9f695f9 e-con-full e-flex e-con e-child\" data-id=\"9f695f9\" data-element_type=\"container\">\n\t\t\t\t<div class=\"elementor-element elementor-element-e0c3ae2 elementor-widget elementor-widget-heading\" data-id=\"e0c3ae2\" data-element_type=\"widget\" data-widget_type=\"heading.default\">\n\t\t\t\t<div class=\"elementor-widget-container\">\n\t\t\t\t\t<h2 class=\"elementor-heading-title elementor-size-default\">\u00c0 propos de moi<\/h2>\t\t\t\t<\/div>\n\t\t\t\t<\/div>\n\t\t<div class=\"elementor-element elementor-element-227cc6a e-con-full e-flex e-con e-child\" data-id=\"227cc6a\" data-element_type=\"container\">\n\t\t\t\t<div class=\"elementor-element elementor-element-9b302c5 elementor-widget elementor-widget-text-editor\" data-id=\"9b302c5\" data-element_type=\"widget\" data-widget_type=\"text-editor.default\">\n\t\t\t\t<div class=\"elementor-widget-container\">\n\t\t\t\t\t\t\t\t\t<p><strong>Allier le fond et la forme c\u2019est la force de la publicit\u00e9 qui me fait vibrer<br \/><\/strong>D\u00e9bordante d\u2019\u00e9nergie depuis ma naissance, j\u2019ai trouv\u00e9 dans la cr\u00e9ativit\u00e9 un moyen de canaliser cette effervescence.<br \/>J\u2019ai vite compris que concevoir, imaginer et donner vie \u00e0 des id\u00e9es \u00e9taient ce qui m\u2019animait le plus.<br \/>Ce n\u2019est pas juste le beau qui m\u2019attire, du moins pas uniquement au sens purement esth\u00e9tique.<br \/>Ce qui me fascine, c\u2019est la r\u00e9flexion derri\u00e8re un concept fort, le choix pr\u00e9cis des mots et la construction d\u2019un visuel qui traverse le temps.<\/p>\t\t\t\t\t\t\t\t<\/div>\n\t\t\t\t<\/div>\n\t\t\t\t<\/div>\n\t\t<div class=\"elementor-element elementor-element-701aba2 e-con-full e-flex e-con e-child\" data-id=\"701aba2\" data-element_type=\"container\">\n\t\t\t\t<div class=\"elementor-element elementor-element-fae15da elementor-widget elementor-widget-heading\" data-id=\"fae15da\" data-element_type=\"widget\" data-widget_type=\"heading.default\">\n\t\t\t\t<div class=\"elementor-widget-container\">\n\t\t\t\t\t<h2 class=\"elementor-heading-title elementor-size-default\">Mon objectif<\/h2>\t\t\t\t<\/div>\n\t\t\t\t<\/div>\n\t\t\t\t<\/div>\n\t\t<div class=\"elementor-element elementor-element-2ecbf8c e-con-full e-flex e-con e-child\" data-id=\"2ecbf8c\" data-element_type=\"container\">\n\t\t\t\t<div class=\"elementor-element elementor-element-6a3bd26 elementor-widget elementor-widget-text-editor\" data-id=\"6a3bd26\" data-element_type=\"widget\" data-widget_type=\"text-editor.default\">\n\t\t\t\t<div class=\"elementor-widget-container\">\n\t\t\t\t\t\t\t\t\t<p><strong> \u00c0 travers la communication digitale, la conception et le graphisme,<\/strong><\/p><p>je cherche \u00e0 cr\u00e9er des messages et des visuels qui captent l\u2019attention et marquent les esprits.<\/p>\t\t\t\t\t\t\t\t<\/div>\n\t\t\t\t<\/div>\n\t\t\t\t<\/div>\n\t\t<div class=\"elementor-element elementor-element-043dff7 e-con-full e-flex e-con e-child\" data-id=\"043dff7\" data-element_type=\"container\">\n\t\t\t\t<div class=\"elementor-element elementor-element-0dcd2ee elementor-widget elementor-widget-text-editor\" data-id=\"0dcd2ee\" data-element_type=\"widget\" data-widget_type=\"text-editor.default\">\n\t\t\t\t<div class=\"elementor-widget-container\">\n\t\t\t\t\t\t\t\t\t<p>J\u2019en oublierais presque de me pr\u00e9senter. Je m\u2019appelle Leane Podevyn, j\u2019ai 20 ans<\/p><p>et si vous \u00eates arriv\u00e9 \u00e0 la fin de ce texte c\u2019est que mon profil vous int\u00e9resse.<span class=\"Apple-converted-space\">\u00a0<\/span><\/p>\t\t\t\t\t\t\t\t<\/div>\n\t\t\t\t<\/div>\n\t\t\t\t<\/div>\n\t\t\t\t<\/div>\n\t\t\t\t\t<\/div>\n\t\t\t\t<\/div>\n\t\t<div class=\"elementor-element elementor-element-7a4828d e-flex e-con-boxed e-con e-parent\" data-id=\"7a4828d\" data-element_type=\"container\">\n\t\t\t\t\t<div class=\"e-con-inner\">\n\t\t\t\t<div class=\"elementor-element elementor-element-7a88019 elementor-widget elementor-widget-image\" data-id=\"7a88019\" data-element_type=\"widget\" data-widget_type=\"image.default\">\n\t\t\t\t<div class=\"elementor-widget-container\">\n\t\t\t\t\t\t\t\t\t\t\t\t\t\t\t<img fetchpriority=\"high\" decoding=\"async\" width=\"741\" height=\"933\" src=\"https:\/\/leanepdv.com\/wp-content\/uploads\/2025\/10\/apropos.jpg\" class=\"attachment-full size-full wp-image-898\" alt=\"\" srcset=\"https:\/\/leanepdv.com\/wp-content\/uploads\/2025\/10\/apropos.jpg 741w, https:\/\/leanepdv.com\/wp-content\/uploads\/2025\/10\/apropos-238x300.jpg 238w\" sizes=\"(max-width: 741px) 100vw, 741px\" \/>\t\t\t\t\t\t\t\t\t\t\t\t\t\t\t<\/div>\n\t\t\t\t<\/div>\n\t\t\t\t\t<\/div>\n\t\t\t\t<\/div>\n\t\t<div class=\"elementor-element elementor-element-bfde472 e-flex e-con-boxed e-con e-parent\" data-id=\"bfde472\" data-element_type=\"container\">\n\t\t\t\t\t<div class=\"e-con-inner\">\n\t\t\t\t<div class=\"elementor-element elementor-element-2be76a7 elementor-widget elementor-widget-heading\" data-id=\"2be76a7\" data-element_type=\"widget\" data-widget_type=\"heading.default\">\n\t\t\t\t<div class=\"elementor-widget-container\">\n\t\t\t\t\t<h2 class=\"elementor-heading-title elementor-size-default\">\"Comme les oc\u00e9ans, la publicit\u00e9 doit \u00eatre profonde, vivante et durable.\"<\/h2>\t\t\t\t<\/div>\n\t\t\t\t<\/div>\n\t\t\t\t\t<\/div>\n\t\t\t\t<\/div>\n\t\t\t\t<\/div>\n\t\t","protected":false},"excerpt":{"rendered":"<p>\u00c0 propos de moi Allier le fond et la forme c\u2019est la force de la publicit\u00e9 qui me fait vibrerD\u00e9bordante [&hellip;]<\/p>\n","protected":false},"author":1,"featured_media":0,"parent":0,"menu_order":0,"comment_status":"closed","ping_status":"closed","template":"","meta":{"site-sidebar-layout":"no-sidebar","site-content-layout":"","ast-site-content-layout":"full-width-container","site-content-style":"default","site-sidebar-style":"default","ast-global-header-display":"","ast-banner-title-visibility":"","ast-main-header-display":"","ast-hfb-above-header-display":"","ast-hfb-below-header-display":"","ast-hfb-mobile-header-display":"","site-post-title":"disabled","ast-breadcrumbs-content":"","ast-featured-img":"disabled","footer-sml-layout":"","theme-transparent-header-meta":"","adv-header-id-meta":"","stick-header-meta":"","header-above-stick-meta":"","header-main-stick-meta":"","header-below-stick-meta":"","astra-migrate-meta-layouts":"default","ast-page-background-enabled":"default","ast-page-background-meta":{"desktop":{"background-color":"var(--ast-global-color-5)","background-image":"","background-repeat":"repeat","background-position":"center center","background-size":"auto","background-attachment":"scroll","background-type":"","background-media":"","overlay-type":"","overlay-color":"","overlay-opacity":"","overlay-gradient":""},"tablet":{"background-color":"","background-image":"","background-repeat":"repeat","background-position":"center center","background-size":"auto","background-attachment":"scroll","background-type":"","background-media":"","overlay-type":"","overlay-color":"","overlay-opacity":"","overlay-gradient":""},"mobile":{"background-color":"","background-image":"","background-repeat":"repeat","background-position":"center center","background-size":"auto","background-attachment":"scroll","background-type":"","background-media":"","overlay-type":"","overlay-color":"","overlay-opacity":"","overlay-gradient":""}},"ast-content-background-meta":{"desktop":{"background-color":"var(--ast-global-color-4)","background-image":"","background-repeat":"repeat","background-position":"center center","background-size":"auto","background-attachment":"scroll","background-type":"","background-media":"","overlay-type":"","overlay-color":"","overlay-opacity":"","overlay-gradient":""},"tablet":{"background-color":"var(--ast-global-color-4)","background-image":"","background-repeat":"repeat","background-position":"center center","background-size":"auto","background-attachment":"scroll","background-type":"","background-media":"","overlay-type":"","overlay-color":"","overlay-opacity":"","overlay-gradient":""},"mobile":{"background-color":"var(--ast-global-color-4)","background-image":"","background-repeat":"repeat","background-position":"center center","background-size":"auto","background-attachment":"scroll","background-type":"","background-media":"","overlay-type":"","overlay-color":"","overlay-opacity":"","overlay-gradient":""}},"footnotes":""},"class_list":["post-38","page","type-page","status-publish","hentry"],"_links":{"self":[{"href":"https:\/\/leanepdv.com\/index.php?rest_route=\/wp\/v2\/pages\/38","targetHints":{"allow":["GET"]}}],"collection":[{"href":"https:\/\/leanepdv.com\/index.php?rest_route=\/wp\/v2\/pages"}],"about":[{"href":"https:\/\/leanepdv.com\/index.php?rest_route=\/wp\/v2\/types\/page"}],"author":[{"embeddable":true,"href":"https:\/\/leanepdv.com\/index.php?rest_route=\/wp\/v2\/users\/1"}],"replies":[{"embeddable":true,"href":"https:\/\/leanepdv.com\/index.php?rest_route=%2Fwp%2Fv2%2Fcomments&post=38"}],"version-history":[{"count":46,"href":"https:\/\/leanepdv.com\/index.php?rest_route=\/wp\/v2\/pages\/38\/revisions"}],"predecessor-version":[{"id":904,"href":"https:\/\/leanepdv.com\/index.php?rest_route=\/wp\/v2\/pages\/38\/revisions\/904"}],"wp:attachment":[{"href":"https:\/\/leanepdv.com\/index.php?rest_route=%2Fwp%2Fv2%2Fmedia&parent=38"}],"curies":[{"name":"wp","href":"https:\/\/api.w.org\/{rel}","templated":true}]}}